{"id":3933,"date":"2023-01-23T16:47:53","date_gmt":"2023-01-23T15:47:53","guid":{"rendered":"https:\/\/sacaim.it\/?page_id=3933"},"modified":"2023-02-02T12:09:48","modified_gmt":"2023-02-02T11:09:48","slug":"il-nostro-gruppo","status":"publish","type":"page","link":"https:\/\/sacaim.it\/it\/chi-siamo\/il-nostro-gruppo\/","title":{"rendered":"IL NOSTRO GRUPPO"},"content":{"rendered":"<h2>Un secolo di qualit\u00e0<\/h2>\n<p>L&#8217;azienda <strong>SACAIM<\/strong> \u00e8 stata <strong>fondata a Venezia nel 1920<\/strong> ed \u00e8 diventata una delle aziende leader nel settore dell&#8217;ingegneria e delle costruzioni, in Italia.<\/p>\n<p>Con oltre un secolo di esperienza nei lavori di restauro e ristrutturazione, Sacaim si concentra principalmente sul segmento di lusso di alta gamma, nel residenziale, nel ramo hotel and resorts, nelle ville private e nel restauro di edifici storici storici sottoposti a vincolo architettonico e paesaggistico.<br \/>\nUna parte del business \u00e8 orientata al Life Science e al settore industriale e tecnologico.<br \/>\nSacaim fa parte del Gruppo de Eccher dal 2013<\/p>\n<p>Ha realizzato stabilimenti e infrastrutture terrestri e marittime per le pi\u00f9 importanti industrie italiane ed estere, realizzato impegnative e prestigiose opere di ingegneria civile, realizzato complesse ed elaborate opere di salvaguardia del territorio, sia di bonifica che di depurazione, realizzato strade, autostrade, ponti e dighe . Con i suoi 120 dipendenti \u00e8 un&#8217;azienda dinamica e in continua espansione, la sua forza \u00e8 nello studiato mix di esperienza, professionalit\u00e0 ed efficienza<\/p>\n<div id='gallery-1' class='gallery galleryid-3933 gallery-columns-3 gallery-size-square_medium'><figure class='gallery-item'>\n\t\t\t<div class='gallery-icon landscape'>\n\t\t\t\t<a href='https:\/\/sacaim.it\/wp-content\/uploads\/sites\/2\/2023\/01\/RIZ-VE0635-Casonato.jpg'><img loading=\"lazy\" decoding=\"async\" width=\"500\" height=\"500\" src=\"https:\/\/sacaim.it\/wp-content\/uploads\/sites\/2\/2023\/01\/RIZ-VE0635-Casonato-500x500.jpg\" class=\"attachment-square_medium size-square_medium\" alt=\"\" srcset=\"https:\/\/sacaim.it\/wp-content\/uploads\/sites\/2\/2023\/01\/RIZ-VE0635-Casonato-500x500.jpg 500w, https:\/\/sacaim.it\/wp-content\/uploads\/sites\/2\/2023\/01\/RIZ-VE0635-Casonato-150x150.jpg 150w\" sizes=\"auto, (max-width: 500px) 100vw, 500px\" \/><\/a>\n\t\t\t<\/div><\/figure><figure class='gallery-item'>\n\t\t\t<div class='gallery-icon landscape'>\n\t\t\t\t<a href='https:\/\/sacaim.it\/wp-content\/uploads\/sites\/2\/2023\/01\/Palazzo-Dandolo-Hall_Hotel-Danieli-Copertina-2.webp'><img loading=\"lazy\" decoding=\"async\" width=\"500\" height=\"500\" src=\"https:\/\/sacaim.it\/wp-content\/uploads\/sites\/2\/2023\/01\/Palazzo-Dandolo-Hall_Hotel-Danieli-Copertina-2-500x500.webp\" class=\"attachment-square_medium size-square_medium\" alt=\"\" srcset=\"https:\/\/sacaim.it\/wp-content\/uploads\/sites\/2\/2023\/01\/Palazzo-Dandolo-Hall_Hotel-Danieli-Copertina-2-500x500.webp 500w, https:\/\/sacaim.it\/wp-content\/uploads\/sites\/2\/2023\/01\/Palazzo-Dandolo-Hall_Hotel-Danieli-Copertina-2-150x150.webp 150w\" sizes=\"auto, (max-width: 500px) 100vw, 500px\" \/><\/a>\n\t\t\t<\/div><\/figure><figure class='gallery-item'>\n\t\t\t<div class='gallery-icon landscape'>\n\t\t\t\t<a href='https:\/\/sacaim.it\/wp-content\/uploads\/sites\/2\/2023\/01\/Rosewood-Hotel-Bauer-scaled.webp'><img loading=\"lazy\" decoding=\"async\" width=\"500\" height=\"500\" src=\"https:\/\/sacaim.it\/wp-content\/uploads\/sites\/2\/2023\/01\/Rosewood-Hotel-Bauer-500x500.webp\" class=\"attachment-square_medium size-square_medium\" alt=\"\" srcset=\"https:\/\/sacaim.it\/wp-content\/uploads\/sites\/2\/2023\/01\/Rosewood-Hotel-Bauer-500x500.webp 500w, https:\/\/sacaim.it\/wp-content\/uploads\/sites\/2\/2023\/01\/Rosewood-Hotel-Bauer-150x150.webp 150w\" sizes=\"auto, (max-width: 500px) 100vw, 500px\" \/><\/a>\n\t\t\t<\/div><\/figure><figure class='gallery-item'>\n\t\t\t<div class='gallery-icon landscape'>\n\t\t\t\t<a href='https:\/\/sacaim.it\/wp-content\/uploads\/sites\/2\/2023\/01\/Picture4.jpg'><img loading=\"lazy\" decoding=\"async\" width=\"500\" height=\"500\" src=\"https:\/\/sacaim.it\/wp-content\/uploads\/sites\/2\/2023\/01\/Picture4-500x500.jpg\" class=\"attachment-square_medium size-square_medium\" alt=\"\" srcset=\"https:\/\/sacaim.it\/wp-content\/uploads\/sites\/2\/2023\/01\/Picture4-500x500.jpg 500w, https:\/\/sacaim.it\/wp-content\/uploads\/sites\/2\/2023\/01\/Picture4-150x150.jpg 150w\" sizes=\"auto, (max-width: 500px) 100vw, 500px\" \/><\/a>\n\t\t\t<\/div><\/figure><figure class='gallery-item'>\n\t\t\t<div class='gallery-icon landscape'>\n\t\t\t\t<a href='https:\/\/sacaim.it\/wp-content\/uploads\/sites\/2\/2023\/01\/Procuratie-_-5.jpg'><img loading=\"lazy\" decoding=\"async\" width=\"500\" height=\"500\" src=\"https:\/\/sacaim.it\/wp-content\/uploads\/sites\/2\/2023\/01\/Procuratie-_-5-500x500.jpg\" class=\"attachment-square_medium size-square_medium\" alt=\"\" srcset=\"https:\/\/sacaim.it\/wp-content\/uploads\/sites\/2\/2023\/01\/Procuratie-_-5-500x500.jpg 500w, https:\/\/sacaim.it\/wp-content\/uploads\/sites\/2\/2023\/01\/Procuratie-_-5-150x150.jpg 150w\" sizes=\"auto, (max-width: 500px) 100vw, 500px\" \/><\/a>\n\t\t\t<\/div><\/figure><figure class='gallery-item'>\n\t\t\t<div class='gallery-icon landscape'>\n\t\t\t\t<a href='https:\/\/sacaim.it\/wp-content\/uploads\/sites\/2\/2023\/01\/Picture3-scaled.jpg'><img loading=\"lazy\" decoding=\"async\" width=\"500\" height=\"500\" src=\"https:\/\/sacaim.it\/wp-content\/uploads\/sites\/2\/2023\/01\/Picture3-500x500.jpg\" class=\"attachment-square_medium size-square_medium\" alt=\"\" srcset=\"https:\/\/sacaim.it\/wp-content\/uploads\/sites\/2\/2023\/01\/Picture3-500x500.jpg 500w, https:\/\/sacaim.it\/wp-content\/uploads\/sites\/2\/2023\/01\/Picture3-150x150.jpg 150w\" sizes=\"auto, (max-width: 500px) 100vw, 500px\" \/><\/a>\n\t\t\t<\/div><\/figure><figure class='gallery-item'>\n\t\t\t<div class='gallery-icon landscape'>\n\t\t\t\t<a href='https:\/\/sacaim.it\/wp-content\/uploads\/sites\/2\/2023\/01\/Picture2-scaled.jpg'><img loading=\"lazy\" decoding=\"async\" width=\"500\" height=\"500\" src=\"https:\/\/sacaim.it\/wp-content\/uploads\/sites\/2\/2023\/01\/Picture2-500x500.jpg\" class=\"attachment-square_medium size-square_medium\" alt=\"\" srcset=\"https:\/\/sacaim.it\/wp-content\/uploads\/sites\/2\/2023\/01\/Picture2-500x500.jpg 500w, https:\/\/sacaim.it\/wp-content\/uploads\/sites\/2\/2023\/01\/Picture2-150x150.jpg 150w\" sizes=\"auto, (max-width: 500px) 100vw, 500px\" \/><\/a>\n\t\t\t<\/div><\/figure><figure class='gallery-item'>\n\t\t\t<div class='gallery-icon landscape'>\n\t\t\t\t<a href='https:\/\/sacaim.it\/wp-content\/uploads\/sites\/2\/2023\/01\/People-MoverIMG_7416-2.jpg'><img loading=\"lazy\" decoding=\"async\" width=\"500\" height=\"500\" src=\"https:\/\/sacaim.it\/wp-content\/uploads\/sites\/2\/2023\/01\/People-MoverIMG_7416-2-500x500.jpg\" class=\"attachment-square_medium size-square_medium\" alt=\"\" srcset=\"https:\/\/sacaim.it\/wp-content\/uploads\/sites\/2\/2023\/01\/People-MoverIMG_7416-2-500x500.jpg 500w, https:\/\/sacaim.it\/wp-content\/uploads\/sites\/2\/2023\/01\/People-MoverIMG_7416-2-150x150.jpg 150w\" sizes=\"auto, (max-width: 500px) 100vw, 500px\" \/><\/a>\n\t\t\t<\/div><\/figure>\n\t\t<\/div>\n\n<h2>Il restauro conservativo<\/h2>\n<p>SACAIM si \u00e8 subito distinta in quella che sarebbe poi diventata la sua attivit\u00e0 distintiva:<strong> il restauro conservativo<\/strong>. Nel corso dei decenni i suoi interventi hanno ridato splendore ai palazzi pi\u00f9 prestigiosi di Venezia e riportato all&#8217;originaria bellezza alcuni dei monumenti pi\u00f9 importanti d&#8217;Italia.<\/p>\n<p>Profonda esperienza, fedelt\u00e0 nel recupero, attenzione estrema per i particolari e la scelta dei materiali ed impiego di proprie risorse specializzate, hanno permesso a SACAIM di far rivivere opere che sembravano completamente perdute, come il <strong>Gran Teatro La Fenice<\/strong>, devastato da un terribile incendio. L\u2019ampliamento delle <strong>Grandi Gallerie dell\u2019Accademia<\/strong>, il consolidamento del <strong>Campanile di San Marco<\/strong>, a Venezia ed il restauro della<strong> Basilica Palladiana<\/strong>, simbolo e cuore socio-culturale della citt\u00e0 di Vicenza, il restauro del <strong>Fondaco dei Tedeschi<\/strong> e delle<strong> Procuratie Vecchie<\/strong> di Piazza San Marco sono solo alcuni dei pi\u00f9 prestigiosi interventi.<\/p>\n<div id='gallery-2' class='gallery galleryid-3933 gallery-columns-3 gallery-size-square_medium'><figure class='gallery-item'>\n\t\t\t<div class='gallery-icon landscape'>\n\t\t\t\t<a href='https:\/\/sacaim.it\/wp-content\/uploads\/sites\/2\/2023\/01\/PVS-03_DSC8248-e1674148247253.jpg'><img loading=\"lazy\" decoding=\"async\" width=\"500\" height=\"500\" src=\"https:\/\/sacaim.it\/wp-content\/uploads\/sites\/2\/2023\/01\/PVS-03_DSC8248-e1674148247253-500x500.jpg\" class=\"attachment-square_medium size-square_medium\" alt=\"\" srcset=\"https:\/\/sacaim.it\/wp-content\/uploads\/sites\/2\/2023\/01\/PVS-03_DSC8248-e1674148247253-500x500.jpg 500w, https:\/\/sacaim.it\/wp-content\/uploads\/sites\/2\/2023\/01\/PVS-03_DSC8248-e1674148247253-150x150.jpg 150w\" sizes=\"auto, (max-width: 500px) 100vw, 500px\" \/><\/a>\n\t\t\t<\/div><\/figure><figure class='gallery-item'>\n\t\t\t<div class='gallery-icon landscape'>\n\t\t\t\t<a href='https:\/\/sacaim.it\/wp-content\/uploads\/sites\/2\/2023\/01\/Picture1-2-scaled.jpg'><img loading=\"lazy\" decoding=\"async\" width=\"500\" height=\"500\" src=\"https:\/\/sacaim.it\/wp-content\/uploads\/sites\/2\/2023\/01\/Picture1-2-500x500.jpg\" class=\"attachment-square_medium size-square_medium\" alt=\"\" srcset=\"https:\/\/sacaim.it\/wp-content\/uploads\/sites\/2\/2023\/01\/Picture1-2-500x500.jpg 500w, https:\/\/sacaim.it\/wp-content\/uploads\/sites\/2\/2023\/01\/Picture1-2-150x150.jpg 150w\" sizes=\"auto, (max-width: 500px) 100vw, 500px\" \/><\/a>\n\t\t\t<\/div><\/figure><figure class='gallery-item'>\n\t\t\t<div class='gallery-icon landscape'>\n\t\t\t\t<a href='https:\/\/sacaim.it\/wp-content\/uploads\/sites\/2\/2023\/01\/IMG20220401140749628_1000.jpeg'><img loading=\"lazy\" decoding=\"async\" width=\"500\" height=\"500\" src=\"https:\/\/sacaim.it\/wp-content\/uploads\/sites\/2\/2023\/01\/IMG20220401140749628_1000-500x500.jpeg\" class=\"attachment-square_medium size-square_medium\" alt=\"\" srcset=\"https:\/\/sacaim.it\/wp-content\/uploads\/sites\/2\/2023\/01\/IMG20220401140749628_1000-500x500.jpeg 500w, https:\/\/sacaim.it\/wp-content\/uploads\/sites\/2\/2023\/01\/IMG20220401140749628_1000-150x150.jpeg 150w\" sizes=\"auto, (max-width: 500px) 100vw, 500px\" \/><\/a>\n\t\t\t<\/div><\/figure><figure class='gallery-item'>\n\t\t\t<div class='gallery-icon portrait'>\n\t\t\t\t<a href='https:\/\/sacaim.it\/wp-content\/uploads\/sites\/2\/2023\/01\/Picture27.jpg'><img loading=\"lazy\" decoding=\"async\" width=\"500\" height=\"500\" src=\"https:\/\/sacaim.it\/wp-content\/uploads\/sites\/2\/2023\/01\/Picture27-500x500.jpg\" class=\"attachment-square_medium size-square_medium\" alt=\"\" srcset=\"https:\/\/sacaim.it\/wp-content\/uploads\/sites\/2\/2023\/01\/Picture27-500x500.jpg 500w, https:\/\/sacaim.it\/wp-content\/uploads\/sites\/2\/2023\/01\/Picture27-150x150.jpg 150w\" sizes=\"auto, (max-width: 500px) 100vw, 500px\" \/><\/a>\n\t\t\t<\/div><\/figure>\n\t\t<\/div>\n\n<h2>Leader a Venezia<\/h2>\n<p>Sin dalla sua fondazione, SACAIM si \u00e8 contraddistinta come leader del mercato veneziano e ha sempre mantenuto un forte legame con la sua citt\u00e0 di origine, eseguendo oltre 200 progetti tra cui prestigiosi interventi di restauro architettonico e monumentale quali, ad esempio, il restauro del Fondaco dei Tedeschi , il restauro delle Procuratie Vecchie, il complesso dell\u2019Isola di San Giorgio, le prestigiose sedi di Palazzo Grassi,Palazzo Fortuny, Ca\u2019 Pesaro, il Teatro Malibran, il Palazzo Reale e il Campanile S. Marco ed il Gran Teatro la Fenice<\/p>\n<p>&nbsp;<\/p>\n<p><img loading=\"lazy\" decoding=\"async\" class=\"alignnone wp-image-4059 size-full\" src=\"https:\/\/sacaim.it\/wp-content\/uploads\/sites\/2\/2023\/01\/Picture77.jpg\" alt=\"\" width=\"1522\" height=\"945\" srcset=\"https:\/\/sacaim.it\/wp-content\/uploads\/sites\/2\/2023\/01\/Picture77.jpg 1522w, https:\/\/sacaim.it\/wp-content\/uploads\/sites\/2\/2023\/01\/Picture77-300x186.jpg 300w, https:\/\/sacaim.it\/wp-content\/uploads\/sites\/2\/2023\/01\/Picture77-1024x636.jpg 1024w, https:\/\/sacaim.it\/wp-content\/uploads\/sites\/2\/2023\/01\/Picture77-768x477.jpg 768w\" sizes=\"auto, (max-width: 1522px) 100vw, 1522px\" \/><\/p>\n<h2>Qualita ed eccellenza<\/h2>\n<p>Sacaim \u00e8 dotata di un proprio Ufficio Tecnico, con il quale, attraverso l\u2019elevata professionalit\u00e0 ed esperienza di ingegneri, architetti e disegnatori, vengono studiate e definite le richieste e necessit\u00e0 progettuali dei committenti, per realizzare tutti i dettagli e particolari costruttivi, indispensabili per ottenere la migliore realizzazione delle opere e garantire il raggiungimento degli obiettivi fissati dalla committenza, ponendo la massima cura e attenzione alla fase progettuale oltre che a quella costruttiva.<\/p>\n<p>Grazie alla sapiente fusione di esperienza, professionalit\u00e0 ed efficienza e all\u2019impegno di oltre 120 addetti, SACAIM. \u00e8 un\u2019azienda dinamica ed in continua espansione, estremamente qualificata nel settore progettuale e produttivo e unanimemente riconosciuta come una delle \u201cAziende Leader\u201d nel Comparto Italiano delle Costruzioni.<\/p>\n","protected":false},"excerpt":{"rendered":"<p>Un secolo di qualit\u00e0 L&#8217;azienda SACAIM \u00e8 stata fondata a Venezia nel 1920 ed \u00e8 diventata una delle aziende leader nel settore dell&#8217;ingegneria e delle costruzioni, in Italia. Con oltre un secolo di esperienza nei lavori di restauro e ristrutturazione, Sacaim si concentra principalmente sul segmento di lusso di alta gamma, nel residenziale, nel ramo [&hellip;]<\/p>\n","protected":false},"author":3,"featured_media":3813,"parent":10,"menu_order":8,"comment_status":"closed","ping_status":"closed","template":"","meta":{"_acf_changed":false,"footnotes":""},"class_list":["post-3933","page","type-page","status-publish","has-post-thumbnail","hentry"],"acf":[],"yoast_head":"<!-- This site is optimized with the Yoast SEO plugin v27.3 - https:\/\/yoast.com\/product\/yoast-seo-wordpress\/ -->\n<title>IL NOSTRO GRUPPO - Sacaim<\/title>\n<meta name=\"robots\" content=\"index, follow, max-snippet:-1, max-image-preview:large, max-video-preview:-1\" \/>\n<link rel=\"canonical\" href=\"https:\/\/sacaim.it\/it\/chi-siamo\/il-nostro-gruppo\/\" \/>\n<meta property=\"og:locale\" content=\"it_IT\" \/>\n<meta property=\"og:type\" content=\"article\" \/>\n<meta property=\"og:title\" content=\"IL NOSTRO GRUPPO - Sacaim\" \/>\n<meta property=\"og:description\" content=\"Un secolo di qualit\u00e0 L&#8217;azienda SACAIM \u00e8 stata fondata a Venezia nel 1920 ed \u00e8 diventata una delle aziende leader nel settore dell&#8217;ingegneria e delle costruzioni, in Italia. Con oltre un secolo di esperienza nei lavori di restauro e ristrutturazione, Sacaim si concentra principalmente sul segmento di lusso di alta gamma, nel residenziale, nel ramo [&hellip;]\" \/>\n<meta property=\"og:url\" content=\"https:\/\/sacaim.it\/it\/chi-siamo\/il-nostro-gruppo\/\" \/>\n<meta property=\"og:site_name\" content=\"Sacaim\" \/>\n<meta property=\"article:modified_time\" content=\"2023-02-02T11:09:48+00:00\" \/>\n<meta property=\"og:image\" content=\"https:\/\/sacaim.it\/wp-content\/uploads\/sites\/2\/2023\/01\/MG_6679-scaled.jpg\" \/>\n\t<meta property=\"og:image:width\" content=\"2560\" \/>\n\t<meta property=\"og:image:height\" content=\"1707\" \/>\n\t<meta property=\"og:image:type\" content=\"image\/jpeg\" \/>\n<meta name=\"twitter:card\" content=\"summary_large_image\" \/>\n<meta name=\"twitter:label1\" content=\"Tempo di lettura stimato\" \/>\n\t<meta name=\"twitter:data1\" content=\"3 minuti\" \/>\n<script type=\"application\/ld+json\" class=\"yoast-schema-graph\">{\"@context\":\"https:\\\/\\\/schema.org\",\"@graph\":[{\"@type\":\"WebPage\",\"@id\":\"https:\\\/\\\/sacaim.it\\\/it\\\/chi-siamo\\\/il-nostro-gruppo\\\/\",\"url\":\"https:\\\/\\\/sacaim.it\\\/it\\\/chi-siamo\\\/il-nostro-gruppo\\\/\",\"name\":\"IL NOSTRO GRUPPO - Sacaim\",\"isPartOf\":{\"@id\":\"https:\\\/\\\/sacaim.it\\\/it\\\/#website\"},\"primaryImageOfPage\":{\"@id\":\"https:\\\/\\\/sacaim.it\\\/it\\\/chi-siamo\\\/il-nostro-gruppo\\\/#primaryimage\"},\"image\":{\"@id\":\"https:\\\/\\\/sacaim.it\\\/it\\\/chi-siamo\\\/il-nostro-gruppo\\\/#primaryimage\"},\"thumbnailUrl\":\"https:\\\/\\\/sacaim.it\\\/wp-content\\\/uploads\\\/sites\\\/2\\\/2023\\\/01\\\/MG_6679-scaled.jpg\",\"datePublished\":\"2023-01-23T15:47:53+00:00\",\"dateModified\":\"2023-02-02T11:09:48+00:00\",\"breadcrumb\":{\"@id\":\"https:\\\/\\\/sacaim.it\\\/it\\\/chi-siamo\\\/il-nostro-gruppo\\\/#breadcrumb\"},\"inLanguage\":\"it-IT\",\"potentialAction\":[{\"@type\":\"ReadAction\",\"target\":[\"https:\\\/\\\/sacaim.it\\\/it\\\/chi-siamo\\\/il-nostro-gruppo\\\/\"]}]},{\"@type\":\"ImageObject\",\"inLanguage\":\"it-IT\",\"@id\":\"https:\\\/\\\/sacaim.it\\\/it\\\/chi-siamo\\\/il-nostro-gruppo\\\/#primaryimage\",\"url\":\"https:\\\/\\\/sacaim.it\\\/wp-content\\\/uploads\\\/sites\\\/2\\\/2023\\\/01\\\/MG_6679-scaled.jpg\",\"contentUrl\":\"https:\\\/\\\/sacaim.it\\\/wp-content\\\/uploads\\\/sites\\\/2\\\/2023\\\/01\\\/MG_6679-scaled.jpg\",\"width\":2560,\"height\":1707},{\"@type\":\"BreadcrumbList\",\"@id\":\"https:\\\/\\\/sacaim.it\\\/it\\\/chi-siamo\\\/il-nostro-gruppo\\\/#breadcrumb\",\"itemListElement\":[{\"@type\":\"ListItem\",\"position\":1,\"name\":\"Home\",\"item\":\"https:\\\/\\\/sacaim.it\\\/it\\\/\"},{\"@type\":\"ListItem\",\"position\":2,\"name\":\"Chi siamo\",\"item\":\"https:\\\/\\\/sacaim.it\\\/it\\\/chi-siamo\\\/\"},{\"@type\":\"ListItem\",\"position\":3,\"name\":\"IL NOSTRO GRUPPO\"}]},{\"@type\":\"WebSite\",\"@id\":\"https:\\\/\\\/sacaim.it\\\/it\\\/#website\",\"url\":\"https:\\\/\\\/sacaim.it\\\/it\\\/\",\"name\":\"Sacaim\",\"description\":\"\",\"publisher\":{\"@id\":\"https:\\\/\\\/sacaim.it\\\/it\\\/#organization\"},\"potentialAction\":[{\"@type\":\"SearchAction\",\"target\":{\"@type\":\"EntryPoint\",\"urlTemplate\":\"https:\\\/\\\/sacaim.it\\\/it\\\/?s={search_term_string}\"},\"query-input\":{\"@type\":\"PropertyValueSpecification\",\"valueRequired\":true,\"valueName\":\"search_term_string\"}}],\"inLanguage\":\"it-IT\"},{\"@type\":\"Organization\",\"@id\":\"https:\\\/\\\/sacaim.it\\\/it\\\/#organization\",\"name\":\"Sacaim\",\"url\":\"https:\\\/\\\/sacaim.it\\\/it\\\/\",\"logo\":{\"@type\":\"ImageObject\",\"inLanguage\":\"it-IT\",\"@id\":\"https:\\\/\\\/sacaim.it\\\/it\\\/#\\\/schema\\\/logo\\\/image\\\/\",\"url\":\"https:\\\/\\\/sacaim.it\\\/wp-content\\\/uploads\\\/sites\\\/2\\\/2022\\\/10\\\/logo_cut_sacaim-e1666600526171.png\",\"contentUrl\":\"https:\\\/\\\/sacaim.it\\\/wp-content\\\/uploads\\\/sites\\\/2\\\/2022\\\/10\\\/logo_cut_sacaim-e1666600526171.png\",\"width\":300,\"height\":125,\"caption\":\"Sacaim\"},\"image\":{\"@id\":\"https:\\\/\\\/sacaim.it\\\/it\\\/#\\\/schema\\\/logo\\\/image\\\/\"}}]}<\/script>\n<!-- \/ Yoast SEO plugin. -->","yoast_head_json":{"title":"IL NOSTRO GRUPPO - Sacaim","robots":{"index":"index","follow":"follow","max-snippet":"max-snippet:-1","max-image-preview":"max-image-preview:large","max-video-preview":"max-video-preview:-1"},"canonical":"https:\/\/sacaim.it\/it\/chi-siamo\/il-nostro-gruppo\/","og_locale":"it_IT","og_type":"article","og_title":"IL NOSTRO GRUPPO - Sacaim","og_description":"Un secolo di qualit\u00e0 L&#8217;azienda SACAIM \u00e8 stata fondata a Venezia nel 1920 ed \u00e8 diventata una delle aziende leader nel settore dell&#8217;ingegneria e delle costruzioni, in Italia. Con oltre un secolo di esperienza nei lavori di restauro e ristrutturazione, Sacaim si concentra principalmente sul segmento di lusso di alta gamma, nel residenziale, nel ramo [&hellip;]","og_url":"https:\/\/sacaim.it\/it\/chi-siamo\/il-nostro-gruppo\/","og_site_name":"Sacaim","article_modified_time":"2023-02-02T11:09:48+00:00","og_image":[{"width":2560,"height":1707,"url":"https:\/\/sacaim.it\/wp-content\/uploads\/sites\/2\/2023\/01\/MG_6679-scaled.jpg","type":"image\/jpeg"}],"twitter_card":"summary_large_image","twitter_misc":{"Tempo di lettura stimato":"3 minuti"},"schema":{"@context":"https:\/\/schema.org","@graph":[{"@type":"WebPage","@id":"https:\/\/sacaim.it\/it\/chi-siamo\/il-nostro-gruppo\/","url":"https:\/\/sacaim.it\/it\/chi-siamo\/il-nostro-gruppo\/","name":"IL NOSTRO GRUPPO - Sacaim","isPartOf":{"@id":"https:\/\/sacaim.it\/it\/#website"},"primaryImageOfPage":{"@id":"https:\/\/sacaim.it\/it\/chi-siamo\/il-nostro-gruppo\/#primaryimage"},"image":{"@id":"https:\/\/sacaim.it\/it\/chi-siamo\/il-nostro-gruppo\/#primaryimage"},"thumbnailUrl":"https:\/\/sacaim.it\/wp-content\/uploads\/sites\/2\/2023\/01\/MG_6679-scaled.jpg","datePublished":"2023-01-23T15:47:53+00:00","dateModified":"2023-02-02T11:09:48+00:00","breadcrumb":{"@id":"https:\/\/sacaim.it\/it\/chi-siamo\/il-nostro-gruppo\/#breadcrumb"},"inLanguage":"it-IT","potentialAction":[{"@type":"ReadAction","target":["https:\/\/sacaim.it\/it\/chi-siamo\/il-nostro-gruppo\/"]}]},{"@type":"ImageObject","inLanguage":"it-IT","@id":"https:\/\/sacaim.it\/it\/chi-siamo\/il-nostro-gruppo\/#primaryimage","url":"https:\/\/sacaim.it\/wp-content\/uploads\/sites\/2\/2023\/01\/MG_6679-scaled.jpg","contentUrl":"https:\/\/sacaim.it\/wp-content\/uploads\/sites\/2\/2023\/01\/MG_6679-scaled.jpg","width":2560,"height":1707},{"@type":"BreadcrumbList","@id":"https:\/\/sacaim.it\/it\/chi-siamo\/il-nostro-gruppo\/#breadcrumb","itemListElement":[{"@type":"ListItem","position":1,"name":"Home","item":"https:\/\/sacaim.it\/it\/"},{"@type":"ListItem","position":2,"name":"Chi siamo","item":"https:\/\/sacaim.it\/it\/chi-siamo\/"},{"@type":"ListItem","position":3,"name":"IL NOSTRO GRUPPO"}]},{"@type":"WebSite","@id":"https:\/\/sacaim.it\/it\/#website","url":"https:\/\/sacaim.it\/it\/","name":"Sacaim","description":"","publisher":{"@id":"https:\/\/sacaim.it\/it\/#organization"},"potentialAction":[{"@type":"SearchAction","target":{"@type":"EntryPoint","urlTemplate":"https:\/\/sacaim.it\/it\/?s={search_term_string}"},"query-input":{"@type":"PropertyValueSpecification","valueRequired":true,"valueName":"search_term_string"}}],"inLanguage":"it-IT"},{"@type":"Organization","@id":"https:\/\/sacaim.it\/it\/#organization","name":"Sacaim","url":"https:\/\/sacaim.it\/it\/","logo":{"@type":"ImageObject","inLanguage":"it-IT","@id":"https:\/\/sacaim.it\/it\/#\/schema\/logo\/image\/","url":"https:\/\/sacaim.it\/wp-content\/uploads\/sites\/2\/2022\/10\/logo_cut_sacaim-e1666600526171.png","contentUrl":"https:\/\/sacaim.it\/wp-content\/uploads\/sites\/2\/2022\/10\/logo_cut_sacaim-e1666600526171.png","width":300,"height":125,"caption":"Sacaim"},"image":{"@id":"https:\/\/sacaim.it\/it\/#\/schema\/logo\/image\/"}}]}},"distributor_meta":false,"distributor_terms":false,"distributor_media":false,"distributor_original_site_name":"Sacaim","distributor_original_site_url":"https:\/\/sacaim.it\/it\/","push-errors":false,"_links":{"self":[{"href":"https:\/\/sacaim.it\/it\/wp-json\/wp\/v2\/pages\/3933","targetHints":{"allow":["GET"]}}],"collection":[{"href":"https:\/\/sacaim.it\/it\/wp-json\/wp\/v2\/pages"}],"about":[{"href":"https:\/\/sacaim.it\/it\/wp-json\/wp\/v2\/types\/page"}],"author":[{"embeddable":true,"href":"https:\/\/sacaim.it\/it\/wp-json\/wp\/v2\/users\/3"}],"replies":[{"embeddable":true,"href":"https:\/\/sacaim.it\/it\/wp-json\/wp\/v2\/comments?post=3933"}],"version-history":[{"count":43,"href":"https:\/\/sacaim.it\/it\/wp-json\/wp\/v2\/pages\/3933\/revisions"}],"predecessor-version":[{"id":4469,"href":"https:\/\/sacaim.it\/it\/wp-json\/wp\/v2\/pages\/3933\/revisions\/4469"}],"up":[{"embeddable":true,"href":"https:\/\/sacaim.it\/it\/wp-json\/wp\/v2\/pages\/10"}],"wp:featuredmedia":[{"embeddable":true,"href":"https:\/\/sacaim.it\/it\/wp-json\/wp\/v2\/media\/3813"}],"wp:attachment":[{"href":"https:\/\/sacaim.it\/it\/wp-json\/wp\/v2\/media?parent=3933"}],"curies":[{"name":"wp","href":"https:\/\/api.w.org\/{rel}","templated":true}]}}