{"id":3994,"date":"2023-01-23T17:20:32","date_gmt":"2023-01-23T16:20:32","guid":{"rendered":"https:\/\/sacaim.it\/?page_id=3994"},"modified":"2023-02-02T12:24:05","modified_gmt":"2023-02-02T11:24:05","slug":"la-storia","status":"publish","type":"page","link":"https:\/\/sacaim.it\/it\/chi-siamo\/la-storia\/","title":{"rendered":"Storia"},"content":{"rendered":"<p>A testimoniare il passato ed il presente sono le numerose ed importanti opere infrastrutturali e civili presenti nel territorio veneziano ma non solo. Icone di tutto quanto \u00e8 stato realizzato nel passato, sono il Ponte della Liber\u00e0 che unisce Venezia alla Terraferma e gli edifici della Biennale.<br \/>\nNel passato pi\u00f9 recente l\u2019opera che forse rappresenta meglio di ogni altra a Venezia, ma non solo, il valore del restauro nel suo complesso \u00e8 la ricostruzione de il Gran Teatro La Fenice, andato completamente distrutto a causa di un incendio.<\/p>\n<p>&nbsp;<\/p>\n","protected":false},"excerpt":{"rendered":"<p>A testimoniare il passato ed il presente sono le numerose ed importanti opere infrastrutturali e civili presenti nel territorio veneziano ma non solo. Icone di tutto quanto \u00e8 stato realizzato nel passato, sono il Ponte della Liber\u00e0 che unisce Venezia alla Terraferma e gli edifici della Biennale. Nel passato pi\u00f9 recente l\u2019opera che forse rappresenta [&hellip;]<\/p>\n","protected":false},"author":3,"featured_media":4014,"parent":10,"menu_order":7,"comment_status":"closed","ping_status":"closed","template":"page-storia.php","meta":{"_acf_changed":false,"footnotes":""},"class_list":["post-3994","page","type-page","status-publish","has-post-thumbnail","hentry"],"acf":[],"yoast_head":"<!-- This site is optimized with the Yoast SEO plugin v27.3 - https:\/\/yoast.com\/product\/yoast-seo-wordpress\/ -->\n<title>Storia - Sacaim<\/title>\n<meta name=\"robots\" content=\"index, follow, max-snippet:-1, max-image-preview:large, max-video-preview:-1\" \/>\n<link rel=\"canonical\" href=\"https:\/\/sacaim.it\/it\/chi-siamo\/la-storia\/\" \/>\n<meta property=\"og:locale\" content=\"it_IT\" \/>\n<meta property=\"og:type\" content=\"article\" \/>\n<meta property=\"og:title\" content=\"Storia - Sacaim\" \/>\n<meta property=\"og:description\" content=\"A testimoniare il passato ed il presente sono le numerose ed importanti opere infrastrutturali e civili presenti nel territorio veneziano ma non solo. Icone di tutto quanto \u00e8 stato realizzato nel passato, sono il Ponte della Liber\u00e0 che unisce Venezia alla Terraferma e gli edifici della Biennale. Nel passato pi\u00f9 recente l\u2019opera che forse rappresenta [&hellip;]\" \/>\n<meta property=\"og:url\" content=\"https:\/\/sacaim.it\/it\/chi-siamo\/la-storia\/\" \/>\n<meta property=\"og:site_name\" content=\"Sacaim\" \/>\n<meta property=\"article:modified_time\" content=\"2023-02-02T11:24:05+00:00\" \/>\n<meta property=\"og:image\" content=\"https:\/\/sacaim.it\/wp-content\/uploads\/sites\/2\/2023\/01\/1932-Comune-di-Venezia-Ponte-della-Liberta-sulla-Laguna-di-Venezia-1-1-scaled.jpg\" \/>\n\t<meta property=\"og:image:width\" content=\"2560\" \/>\n\t<meta property=\"og:image:height\" content=\"1898\" \/>\n\t<meta property=\"og:image:type\" content=\"image\/jpeg\" \/>\n<meta name=\"twitter:card\" content=\"summary_large_image\" \/>\n<meta name=\"twitter:label1\" content=\"Tempo di lettura stimato\" \/>\n\t<meta name=\"twitter:data1\" content=\"1 minuto\" \/>\n<script type=\"application\/ld+json\" class=\"yoast-schema-graph\">{\"@context\":\"https:\\\/\\\/schema.org\",\"@graph\":[{\"@type\":\"WebPage\",\"@id\":\"https:\\\/\\\/sacaim.it\\\/it\\\/chi-siamo\\\/la-storia\\\/\",\"url\":\"https:\\\/\\\/sacaim.it\\\/it\\\/chi-siamo\\\/la-storia\\\/\",\"name\":\"Storia - Sacaim\",\"isPartOf\":{\"@id\":\"https:\\\/\\\/sacaim.it\\\/it\\\/#website\"},\"primaryImageOfPage\":{\"@id\":\"https:\\\/\\\/sacaim.it\\\/it\\\/chi-siamo\\\/la-storia\\\/#primaryimage\"},\"image\":{\"@id\":\"https:\\\/\\\/sacaim.it\\\/it\\\/chi-siamo\\\/la-storia\\\/#primaryimage\"},\"thumbnailUrl\":\"https:\\\/\\\/sacaim.it\\\/wp-content\\\/uploads\\\/sites\\\/2\\\/2023\\\/01\\\/1932-Comune-di-Venezia-Ponte-della-Liberta-sulla-Laguna-di-Venezia-1-1-scaled.jpg\",\"datePublished\":\"2023-01-23T16:20:32+00:00\",\"dateModified\":\"2023-02-02T11:24:05+00:00\",\"breadcrumb\":{\"@id\":\"https:\\\/\\\/sacaim.it\\\/it\\\/chi-siamo\\\/la-storia\\\/#breadcrumb\"},\"inLanguage\":\"it-IT\",\"potentialAction\":[{\"@type\":\"ReadAction\",\"target\":[\"https:\\\/\\\/sacaim.it\\\/it\\\/chi-siamo\\\/la-storia\\\/\"]}]},{\"@type\":\"ImageObject\",\"inLanguage\":\"it-IT\",\"@id\":\"https:\\\/\\\/sacaim.it\\\/it\\\/chi-siamo\\\/la-storia\\\/#primaryimage\",\"url\":\"https:\\\/\\\/sacaim.it\\\/wp-content\\\/uploads\\\/sites\\\/2\\\/2023\\\/01\\\/1932-Comune-di-Venezia-Ponte-della-Liberta-sulla-Laguna-di-Venezia-1-1-scaled.jpg\",\"contentUrl\":\"https:\\\/\\\/sacaim.it\\\/wp-content\\\/uploads\\\/sites\\\/2\\\/2023\\\/01\\\/1932-Comune-di-Venezia-Ponte-della-Liberta-sulla-Laguna-di-Venezia-1-1-scaled.jpg\",\"width\":2560,\"height\":1898},{\"@type\":\"BreadcrumbList\",\"@id\":\"https:\\\/\\\/sacaim.it\\\/it\\\/chi-siamo\\\/la-storia\\\/#breadcrumb\",\"itemListElement\":[{\"@type\":\"ListItem\",\"position\":1,\"name\":\"Home\",\"item\":\"https:\\\/\\\/sacaim.it\\\/it\\\/\"},{\"@type\":\"ListItem\",\"position\":2,\"name\":\"Chi siamo\",\"item\":\"https:\\\/\\\/sacaim.it\\\/it\\\/chi-siamo\\\/\"},{\"@type\":\"ListItem\",\"position\":3,\"name\":\"Storia\"}]},{\"@type\":\"WebSite\",\"@id\":\"https:\\\/\\\/sacaim.it\\\/it\\\/#website\",\"url\":\"https:\\\/\\\/sacaim.it\\\/it\\\/\",\"name\":\"Sacaim\",\"description\":\"\",\"publisher\":{\"@id\":\"https:\\\/\\\/sacaim.it\\\/it\\\/#organization\"},\"potentialAction\":[{\"@type\":\"SearchAction\",\"target\":{\"@type\":\"EntryPoint\",\"urlTemplate\":\"https:\\\/\\\/sacaim.it\\\/it\\\/?s={search_term_string}\"},\"query-input\":{\"@type\":\"PropertyValueSpecification\",\"valueRequired\":true,\"valueName\":\"search_term_string\"}}],\"inLanguage\":\"it-IT\"},{\"@type\":\"Organization\",\"@id\":\"https:\\\/\\\/sacaim.it\\\/it\\\/#organization\",\"name\":\"Sacaim\",\"url\":\"https:\\\/\\\/sacaim.it\\\/it\\\/\",\"logo\":{\"@type\":\"ImageObject\",\"inLanguage\":\"it-IT\",\"@id\":\"https:\\\/\\\/sacaim.it\\\/it\\\/#\\\/schema\\\/logo\\\/image\\\/\",\"url\":\"https:\\\/\\\/sacaim.it\\\/wp-content\\\/uploads\\\/sites\\\/2\\\/2022\\\/10\\\/logo_cut_sacaim-e1666600526171.png\",\"contentUrl\":\"https:\\\/\\\/sacaim.it\\\/wp-content\\\/uploads\\\/sites\\\/2\\\/2022\\\/10\\\/logo_cut_sacaim-e1666600526171.png\",\"width\":300,\"height\":125,\"caption\":\"Sacaim\"},\"image\":{\"@id\":\"https:\\\/\\\/sacaim.it\\\/it\\\/#\\\/schema\\\/logo\\\/image\\\/\"}}]}<\/script>\n<!-- \/ Yoast SEO plugin. -->","yoast_head_json":{"title":"Storia - Sacaim","robots":{"index":"index","follow":"follow","max-snippet":"max-snippet:-1","max-image-preview":"max-image-preview:large","max-video-preview":"max-video-preview:-1"},"canonical":"https:\/\/sacaim.it\/it\/chi-siamo\/la-storia\/","og_locale":"it_IT","og_type":"article","og_title":"Storia - Sacaim","og_description":"A testimoniare il passato ed il presente sono le numerose ed importanti opere infrastrutturali e civili presenti nel territorio veneziano ma non solo. Icone di tutto quanto \u00e8 stato realizzato nel passato, sono il Ponte della Liber\u00e0 che unisce Venezia alla Terraferma e gli edifici della Biennale. Nel passato pi\u00f9 recente l\u2019opera che forse rappresenta [&hellip;]","og_url":"https:\/\/sacaim.it\/it\/chi-siamo\/la-storia\/","og_site_name":"Sacaim","article_modified_time":"2023-02-02T11:24:05+00:00","og_image":[{"width":2560,"height":1898,"url":"https:\/\/sacaim.it\/wp-content\/uploads\/sites\/2\/2023\/01\/1932-Comune-di-Venezia-Ponte-della-Liberta-sulla-Laguna-di-Venezia-1-1-scaled.jpg","type":"image\/jpeg"}],"twitter_card":"summary_large_image","twitter_misc":{"Tempo di lettura stimato":"1 minuto"},"schema":{"@context":"https:\/\/schema.org","@graph":[{"@type":"WebPage","@id":"https:\/\/sacaim.it\/it\/chi-siamo\/la-storia\/","url":"https:\/\/sacaim.it\/it\/chi-siamo\/la-storia\/","name":"Storia - Sacaim","isPartOf":{"@id":"https:\/\/sacaim.it\/it\/#website"},"primaryImageOfPage":{"@id":"https:\/\/sacaim.it\/it\/chi-siamo\/la-storia\/#primaryimage"},"image":{"@id":"https:\/\/sacaim.it\/it\/chi-siamo\/la-storia\/#primaryimage"},"thumbnailUrl":"https:\/\/sacaim.it\/wp-content\/uploads\/sites\/2\/2023\/01\/1932-Comune-di-Venezia-Ponte-della-Liberta-sulla-Laguna-di-Venezia-1-1-scaled.jpg","datePublished":"2023-01-23T16:20:32+00:00","dateModified":"2023-02-02T11:24:05+00:00","breadcrumb":{"@id":"https:\/\/sacaim.it\/it\/chi-siamo\/la-storia\/#breadcrumb"},"inLanguage":"it-IT","potentialAction":[{"@type":"ReadAction","target":["https:\/\/sacaim.it\/it\/chi-siamo\/la-storia\/"]}]},{"@type":"ImageObject","inLanguage":"it-IT","@id":"https:\/\/sacaim.it\/it\/chi-siamo\/la-storia\/#primaryimage","url":"https:\/\/sacaim.it\/wp-content\/uploads\/sites\/2\/2023\/01\/1932-Comune-di-Venezia-Ponte-della-Liberta-sulla-Laguna-di-Venezia-1-1-scaled.jpg","contentUrl":"https:\/\/sacaim.it\/wp-content\/uploads\/sites\/2\/2023\/01\/1932-Comune-di-Venezia-Ponte-della-Liberta-sulla-Laguna-di-Venezia-1-1-scaled.jpg","width":2560,"height":1898},{"@type":"BreadcrumbList","@id":"https:\/\/sacaim.it\/it\/chi-siamo\/la-storia\/#breadcrumb","itemListElement":[{"@type":"ListItem","position":1,"name":"Home","item":"https:\/\/sacaim.it\/it\/"},{"@type":"ListItem","position":2,"name":"Chi siamo","item":"https:\/\/sacaim.it\/it\/chi-siamo\/"},{"@type":"ListItem","position":3,"name":"Storia"}]},{"@type":"WebSite","@id":"https:\/\/sacaim.it\/it\/#website","url":"https:\/\/sacaim.it\/it\/","name":"Sacaim","description":"","publisher":{"@id":"https:\/\/sacaim.it\/it\/#organization"},"potentialAction":[{"@type":"SearchAction","target":{"@type":"EntryPoint","urlTemplate":"https:\/\/sacaim.it\/it\/?s={search_term_string}"},"query-input":{"@type":"PropertyValueSpecification","valueRequired":true,"valueName":"search_term_string"}}],"inLanguage":"it-IT"},{"@type":"Organization","@id":"https:\/\/sacaim.it\/it\/#organization","name":"Sacaim","url":"https:\/\/sacaim.it\/it\/","logo":{"@type":"ImageObject","inLanguage":"it-IT","@id":"https:\/\/sacaim.it\/it\/#\/schema\/logo\/image\/","url":"https:\/\/sacaim.it\/wp-content\/uploads\/sites\/2\/2022\/10\/logo_cut_sacaim-e1666600526171.png","contentUrl":"https:\/\/sacaim.it\/wp-content\/uploads\/sites\/2\/2022\/10\/logo_cut_sacaim-e1666600526171.png","width":300,"height":125,"caption":"Sacaim"},"image":{"@id":"https:\/\/sacaim.it\/it\/#\/schema\/logo\/image\/"}}]}},"distributor_meta":false,"distributor_terms":false,"distributor_media":false,"distributor_original_site_name":"Sacaim","distributor_original_site_url":"https:\/\/sacaim.it\/it\/","push-errors":false,"_links":{"self":[{"href":"https:\/\/sacaim.it\/it\/wp-json\/wp\/v2\/pages\/3994","targetHints":{"allow":["GET"]}}],"collection":[{"href":"https:\/\/sacaim.it\/it\/wp-json\/wp\/v2\/pages"}],"about":[{"href":"https:\/\/sacaim.it\/it\/wp-json\/wp\/v2\/types\/page"}],"author":[{"embeddable":true,"href":"https:\/\/sacaim.it\/it\/wp-json\/wp\/v2\/users\/3"}],"replies":[{"embeddable":true,"href":"https:\/\/sacaim.it\/it\/wp-json\/wp\/v2\/comments?post=3994"}],"version-history":[{"count":14,"href":"https:\/\/sacaim.it\/it\/wp-json\/wp\/v2\/pages\/3994\/revisions"}],"predecessor-version":[{"id":4507,"href":"https:\/\/sacaim.it\/it\/wp-json\/wp\/v2\/pages\/3994\/revisions\/4507"}],"up":[{"embeddable":true,"href":"https:\/\/sacaim.it\/it\/wp-json\/wp\/v2\/pages\/10"}],"wp:featuredmedia":[{"embeddable":true,"href":"https:\/\/sacaim.it\/it\/wp-json\/wp\/v2\/media\/4014"}],"wp:attachment":[{"href":"https:\/\/sacaim.it\/it\/wp-json\/wp\/v2\/media?parent=3994"}],"curies":[{"name":"wp","href":"https:\/\/api.w.org\/{rel}","templated":true}]}}