{"id":410,"date":"2022-10-04T17:39:57","date_gmt":"2022-10-04T15:39:57","guid":{"rendered":"http:\/\/sacaim.rde.test\/?page_id=240"},"modified":"2023-01-30T12:10:40","modified_gmt":"2023-01-30T11:10:40","slug":"hospitals","status":"publish","type":"page","link":"https:\/\/sacaim.it\/it\/cosa-facciamo\/hospitals\/","title":{"rendered":"Ospedali"},"content":{"rendered":"<p>Il nostro team di ingegneri altamente qualificati ed esperti progetta e pianifica ogni singola unit\u00e0 medica per garantire che ciascuno dei reparti sia ben coordinato. Siamo a conoscenza delle pi\u00f9 recenti tecnologie sanitarie e metodi di costruzione, il che ci consente di costruire ospedali e unit\u00e0 sanitarie all&#8217;avanguardia. I nostri anni di esperienza e conoscenza nel settore della costruzione di ospedali ci consentono di stabilire standard sempre pi\u00f9 elevati per i nostri clienti.<\/p>\n<p>SACAIM ha costruito alcuni tra i principali ospedali d&#8217;Italia, tra cui l&#8217;Ospedale di Bergamo, l&#8217;Ospedale di Monselice e il Jona Pavillon a Venezia.<\/p>\n","protected":false},"excerpt":{"rendered":"<p>Il nostro team di ingegneri altamente qualificati ed esperti progetta e pianifica ogni singola unit\u00e0 medica per garantire che ciascuno dei reparti sia ben coordinato. Siamo a conoscenza delle pi\u00f9 recenti tecnologie sanitarie e metodi di costruzione, il che ci consente di costruire ospedali e unit\u00e0 sanitarie all&#8217;avanguardia. I nostri anni di esperienza e conoscenza [&hellip;]<\/p>\n","protected":false},"author":1,"featured_media":418,"parent":17,"menu_order":13,"comment_status":"closed","ping_status":"closed","template":"page-settori.php","meta":{"_acf_changed":false,"footnotes":""},"class_list":["post-410","page","type-page","status-publish","has-post-thumbnail","hentry"],"acf":[],"yoast_head":"<!-- This site is optimized with the Yoast SEO plugin v27.3 - https:\/\/yoast.com\/product\/yoast-seo-wordpress\/ -->\n<title>Ospedali - Sacaim<\/title>\n<meta name=\"robots\" content=\"index, follow, max-snippet:-1, max-image-preview:large, max-video-preview:-1\" \/>\n<link rel=\"canonical\" href=\"https:\/\/sacaim.it\/it\/cosa-facciamo\/hospitals\/\" \/>\n<meta property=\"og:locale\" content=\"it_IT\" \/>\n<meta property=\"og:type\" content=\"article\" \/>\n<meta property=\"og:title\" content=\"Ospedali - Sacaim\" \/>\n<meta property=\"og:description\" content=\"Il nostro team di ingegneri altamente qualificati ed esperti progetta e pianifica ogni singola unit\u00e0 medica per garantire che ciascuno dei reparti sia ben coordinato. Siamo a conoscenza delle pi\u00f9 recenti tecnologie sanitarie e metodi di costruzione, il che ci consente di costruire ospedali e unit\u00e0 sanitarie all&#8217;avanguardia. I nostri anni di esperienza e conoscenza [&hellip;]\" \/>\n<meta property=\"og:url\" content=\"https:\/\/sacaim.it\/it\/cosa-facciamo\/hospitals\/\" \/>\n<meta property=\"og:site_name\" content=\"Sacaim\" \/>\n<meta property=\"article:modified_time\" content=\"2023-01-30T11:10:40+00:00\" \/>\n<meta property=\"og:image\" content=\"https:\/\/sacaim.it\/wp-content\/uploads\/sites\/2\/2022\/10\/Hospitals-Healthcare.jpg\" \/>\n\t<meta property=\"og:image:width\" content=\"1920\" \/>\n\t<meta property=\"og:image:height\" content=\"700\" \/>\n\t<meta property=\"og:image:type\" content=\"image\/jpeg\" \/>\n<meta name=\"twitter:card\" content=\"summary_large_image\" \/>\n<meta name=\"twitter:label1\" content=\"Tempo di lettura stimato\" \/>\n\t<meta name=\"twitter:data1\" content=\"1 minuto\" \/>\n<script type=\"application\/ld+json\" class=\"yoast-schema-graph\">{\"@context\":\"https:\\\/\\\/schema.org\",\"@graph\":[{\"@type\":\"WebPage\",\"@id\":\"https:\\\/\\\/sacaim.it\\\/it\\\/cosa-facciamo\\\/hospitals\\\/\",\"url\":\"https:\\\/\\\/sacaim.it\\\/it\\\/cosa-facciamo\\\/hospitals\\\/\",\"name\":\"Ospedali - Sacaim\",\"isPartOf\":{\"@id\":\"https:\\\/\\\/sacaim.it\\\/it\\\/#website\"},\"primaryImageOfPage\":{\"@id\":\"https:\\\/\\\/sacaim.it\\\/it\\\/cosa-facciamo\\\/hospitals\\\/#primaryimage\"},\"image\":{\"@id\":\"https:\\\/\\\/sacaim.it\\\/it\\\/cosa-facciamo\\\/hospitals\\\/#primaryimage\"},\"thumbnailUrl\":\"https:\\\/\\\/sacaim.it\\\/wp-content\\\/uploads\\\/sites\\\/2\\\/2022\\\/10\\\/Hospitals-Healthcare.jpg\",\"datePublished\":\"2022-10-04T15:39:57+00:00\",\"dateModified\":\"2023-01-30T11:10:40+00:00\",\"breadcrumb\":{\"@id\":\"https:\\\/\\\/sacaim.it\\\/it\\\/cosa-facciamo\\\/hospitals\\\/#breadcrumb\"},\"inLanguage\":\"it-IT\",\"potentialAction\":[{\"@type\":\"ReadAction\",\"target\":[\"https:\\\/\\\/sacaim.it\\\/it\\\/cosa-facciamo\\\/hospitals\\\/\"]}]},{\"@type\":\"ImageObject\",\"inLanguage\":\"it-IT\",\"@id\":\"https:\\\/\\\/sacaim.it\\\/it\\\/cosa-facciamo\\\/hospitals\\\/#primaryimage\",\"url\":\"https:\\\/\\\/sacaim.it\\\/wp-content\\\/uploads\\\/sites\\\/2\\\/2022\\\/10\\\/Hospitals-Healthcare.jpg\",\"contentUrl\":\"https:\\\/\\\/sacaim.it\\\/wp-content\\\/uploads\\\/sites\\\/2\\\/2022\\\/10\\\/Hospitals-Healthcare.jpg\",\"width\":1920,\"height\":700},{\"@type\":\"BreadcrumbList\",\"@id\":\"https:\\\/\\\/sacaim.it\\\/it\\\/cosa-facciamo\\\/hospitals\\\/#breadcrumb\",\"itemListElement\":[{\"@type\":\"ListItem\",\"position\":1,\"name\":\"Home\",\"item\":\"https:\\\/\\\/sacaim.it\\\/it\\\/\"},{\"@type\":\"ListItem\",\"position\":2,\"name\":\"Settori\",\"item\":\"https:\\\/\\\/sacaim.it\\\/it\\\/cosa-facciamo\\\/\"},{\"@type\":\"ListItem\",\"position\":3,\"name\":\"Ospedali\"}]},{\"@type\":\"WebSite\",\"@id\":\"https:\\\/\\\/sacaim.it\\\/it\\\/#website\",\"url\":\"https:\\\/\\\/sacaim.it\\\/it\\\/\",\"name\":\"Sacaim\",\"description\":\"\",\"publisher\":{\"@id\":\"https:\\\/\\\/sacaim.it\\\/it\\\/#organization\"},\"potentialAction\":[{\"@type\":\"SearchAction\",\"target\":{\"@type\":\"EntryPoint\",\"urlTemplate\":\"https:\\\/\\\/sacaim.it\\\/it\\\/?s={search_term_string}\"},\"query-input\":{\"@type\":\"PropertyValueSpecification\",\"valueRequired\":true,\"valueName\":\"search_term_string\"}}],\"inLanguage\":\"it-IT\"},{\"@type\":\"Organization\",\"@id\":\"https:\\\/\\\/sacaim.it\\\/it\\\/#organization\",\"name\":\"Sacaim\",\"url\":\"https:\\\/\\\/sacaim.it\\\/it\\\/\",\"logo\":{\"@type\":\"ImageObject\",\"inLanguage\":\"it-IT\",\"@id\":\"https:\\\/\\\/sacaim.it\\\/it\\\/#\\\/schema\\\/logo\\\/image\\\/\",\"url\":\"https:\\\/\\\/sacaim.it\\\/wp-content\\\/uploads\\\/sites\\\/2\\\/2022\\\/10\\\/logo_cut_sacaim-e1666600526171.png\",\"contentUrl\":\"https:\\\/\\\/sacaim.it\\\/wp-content\\\/uploads\\\/sites\\\/2\\\/2022\\\/10\\\/logo_cut_sacaim-e1666600526171.png\",\"width\":300,\"height\":125,\"caption\":\"Sacaim\"},\"image\":{\"@id\":\"https:\\\/\\\/sacaim.it\\\/it\\\/#\\\/schema\\\/logo\\\/image\\\/\"}}]}<\/script>\n<!-- \/ Yoast SEO plugin. -->","yoast_head_json":{"title":"Ospedali - Sacaim","robots":{"index":"index","follow":"follow","max-snippet":"max-snippet:-1","max-image-preview":"max-image-preview:large","max-video-preview":"max-video-preview:-1"},"canonical":"https:\/\/sacaim.it\/it\/cosa-facciamo\/hospitals\/","og_locale":"it_IT","og_type":"article","og_title":"Ospedali - Sacaim","og_description":"Il nostro team di ingegneri altamente qualificati ed esperti progetta e pianifica ogni singola unit\u00e0 medica per garantire che ciascuno dei reparti sia ben coordinato. Siamo a conoscenza delle pi\u00f9 recenti tecnologie sanitarie e metodi di costruzione, il che ci consente di costruire ospedali e unit\u00e0 sanitarie all&#8217;avanguardia. I nostri anni di esperienza e conoscenza [&hellip;]","og_url":"https:\/\/sacaim.it\/it\/cosa-facciamo\/hospitals\/","og_site_name":"Sacaim","article_modified_time":"2023-01-30T11:10:40+00:00","og_image":[{"width":1920,"height":700,"url":"https:\/\/sacaim.it\/wp-content\/uploads\/sites\/2\/2022\/10\/Hospitals-Healthcare.jpg","type":"image\/jpeg"}],"twitter_card":"summary_large_image","twitter_misc":{"Tempo di lettura stimato":"1 minuto"},"schema":{"@context":"https:\/\/schema.org","@graph":[{"@type":"WebPage","@id":"https:\/\/sacaim.it\/it\/cosa-facciamo\/hospitals\/","url":"https:\/\/sacaim.it\/it\/cosa-facciamo\/hospitals\/","name":"Ospedali - Sacaim","isPartOf":{"@id":"https:\/\/sacaim.it\/it\/#website"},"primaryImageOfPage":{"@id":"https:\/\/sacaim.it\/it\/cosa-facciamo\/hospitals\/#primaryimage"},"image":{"@id":"https:\/\/sacaim.it\/it\/cosa-facciamo\/hospitals\/#primaryimage"},"thumbnailUrl":"https:\/\/sacaim.it\/wp-content\/uploads\/sites\/2\/2022\/10\/Hospitals-Healthcare.jpg","datePublished":"2022-10-04T15:39:57+00:00","dateModified":"2023-01-30T11:10:40+00:00","breadcrumb":{"@id":"https:\/\/sacaim.it\/it\/cosa-facciamo\/hospitals\/#breadcrumb"},"inLanguage":"it-IT","potentialAction":[{"@type":"ReadAction","target":["https:\/\/sacaim.it\/it\/cosa-facciamo\/hospitals\/"]}]},{"@type":"ImageObject","inLanguage":"it-IT","@id":"https:\/\/sacaim.it\/it\/cosa-facciamo\/hospitals\/#primaryimage","url":"https:\/\/sacaim.it\/wp-content\/uploads\/sites\/2\/2022\/10\/Hospitals-Healthcare.jpg","contentUrl":"https:\/\/sacaim.it\/wp-content\/uploads\/sites\/2\/2022\/10\/Hospitals-Healthcare.jpg","width":1920,"height":700},{"@type":"BreadcrumbList","@id":"https:\/\/sacaim.it\/it\/cosa-facciamo\/hospitals\/#breadcrumb","itemListElement":[{"@type":"ListItem","position":1,"name":"Home","item":"https:\/\/sacaim.it\/it\/"},{"@type":"ListItem","position":2,"name":"Settori","item":"https:\/\/sacaim.it\/it\/cosa-facciamo\/"},{"@type":"ListItem","position":3,"name":"Ospedali"}]},{"@type":"WebSite","@id":"https:\/\/sacaim.it\/it\/#website","url":"https:\/\/sacaim.it\/it\/","name":"Sacaim","description":"","publisher":{"@id":"https:\/\/sacaim.it\/it\/#organization"},"potentialAction":[{"@type":"SearchAction","target":{"@type":"EntryPoint","urlTemplate":"https:\/\/sacaim.it\/it\/?s={search_term_string}"},"query-input":{"@type":"PropertyValueSpecification","valueRequired":true,"valueName":"search_term_string"}}],"inLanguage":"it-IT"},{"@type":"Organization","@id":"https:\/\/sacaim.it\/it\/#organization","name":"Sacaim","url":"https:\/\/sacaim.it\/it\/","logo":{"@type":"ImageObject","inLanguage":"it-IT","@id":"https:\/\/sacaim.it\/it\/#\/schema\/logo\/image\/","url":"https:\/\/sacaim.it\/wp-content\/uploads\/sites\/2\/2022\/10\/logo_cut_sacaim-e1666600526171.png","contentUrl":"https:\/\/sacaim.it\/wp-content\/uploads\/sites\/2\/2022\/10\/logo_cut_sacaim-e1666600526171.png","width":300,"height":125,"caption":"Sacaim"},"image":{"@id":"https:\/\/sacaim.it\/it\/#\/schema\/logo\/image\/"}}]}},"distributor_meta":false,"distributor_terms":false,"distributor_media":false,"distributor_original_site_name":"Sacaim","distributor_original_site_url":"https:\/\/sacaim.it\/it\/","push-errors":false,"_links":{"self":[{"href":"https:\/\/sacaim.it\/it\/wp-json\/wp\/v2\/pages\/410","targetHints":{"allow":["GET"]}}],"collection":[{"href":"https:\/\/sacaim.it\/it\/wp-json\/wp\/v2\/pages"}],"about":[{"href":"https:\/\/sacaim.it\/it\/wp-json\/wp\/v2\/types\/page"}],"author":[{"embeddable":true,"href":"https:\/\/sacaim.it\/it\/wp-json\/wp\/v2\/users\/1"}],"replies":[{"embeddable":true,"href":"https:\/\/sacaim.it\/it\/wp-json\/wp\/v2\/comments?post=410"}],"version-history":[{"count":7,"href":"https:\/\/sacaim.it\/it\/wp-json\/wp\/v2\/pages\/410\/revisions"}],"predecessor-version":[{"id":4170,"href":"https:\/\/sacaim.it\/it\/wp-json\/wp\/v2\/pages\/410\/revisions\/4170"}],"up":[{"embeddable":true,"href":"https:\/\/sacaim.it\/it\/wp-json\/wp\/v2\/pages\/17"}],"wp:featuredmedia":[{"embeddable":true,"href":"https:\/\/sacaim.it\/it\/wp-json\/wp\/v2\/media\/418"}],"wp:attachment":[{"href":"https:\/\/sacaim.it\/it\/wp-json\/wp\/v2\/media?parent=410"}],"curies":[{"name":"wp","href":"https:\/\/api.w.org\/{rel}","templated":true}]}}