{"id":4198,"date":"2023-01-31T11:51:04","date_gmt":"2023-01-31T10:51:04","guid":{"rendered":"https:\/\/sacaim.it\/?page_id=4198"},"modified":"2023-01-31T11:51:04","modified_gmt":"2023-01-31T10:51:04","slug":"diversita","status":"publish","type":"page","link":"https:\/\/sacaim.it\/it\/diversita\/","title":{"rendered":"Diversit\u00e0"},"content":{"rendered":"<p>L\u2019equit\u00e0 verso tutti \u00e8 uno dei nostri valori fondamentali. Pertanto, Rizzani de Eccher garantisce che ogni dipendente, attuale e neoassunto, riceva un trattamento equo basato sul merito, senza discriminazioni di genere, religione, origine etnica o di altro genere. Il nostro impegno intransigente nei confronti della nostra forza lavoro indica che tutti i dipendenti sono trattati con dignit\u00e0, rispetto e trasparenza.<\/p>\n<p>Consideriamo la diversit\u00e0 uno dei nostri vantaggi competitivi. Un aspetto chiave di questa competitivit\u00e0 \u00e8 la nostra forza lavoro globale e diversificata che comprende dipendenti di diversi background culturali.<\/p>\n<p>Dall\u2019inizio di Rizzani de Eccher, abbiamo portato a termine progetti per clienti di diversa provenienza e origine l\u2019obiettivo \u00e8 che la nostra forza lavoro rifletta questa stessa diversit\u00e0. Vantiamo una forza lavoro di oltre 45 nazionalit\u00e0 che lavora in luoghi e progetti diversi. Abbiamo progetti e attivit\u00e0 in localit\u00e0 in tutto il mondo, dal Medio Oriente all\u2019Africa e dal Singapore fino all\u2019Australia. Una parte fondamentale della nostra politica di reclutamento \u00e8 sempre stata quella di assumere personale locale.<\/p>\n<p>&nbsp;<\/p>\n","protected":false},"excerpt":{"rendered":"<p>L\u2019equit\u00e0 verso tutti \u00e8 uno dei nostri valori fondamentali. Pertanto, Rizzani de Eccher garantisce che ogni dipendente, attuale e neoassunto, riceva un trattamento equo basato sul merito, senza discriminazioni di genere, religione, origine etnica o di altro genere. Il nostro impegno intransigente nei confronti della nostra forza lavoro indica che tutti i dipendenti sono trattati [&hellip;]<\/p>\n","protected":false},"author":1,"featured_media":4214,"parent":0,"menu_order":0,"comment_status":"closed","ping_status":"closed","template":"","meta":{"_acf_changed":false,"footnotes":""},"class_list":["post-4198","page","type-page","status-publish","has-post-thumbnail","hentry"],"acf":[],"yoast_head":"<!-- This site is optimized with the Yoast SEO plugin v27.3 - https:\/\/yoast.com\/product\/yoast-seo-wordpress\/ -->\n<title>Diversit\u00e0 - Sacaim<\/title>\n<meta name=\"robots\" content=\"index, follow, max-snippet:-1, max-image-preview:large, max-video-preview:-1\" \/>\n<link rel=\"canonical\" href=\"https:\/\/rde.it\/it\/lavora-con-noi\/diversita\/\" \/>\n<meta property=\"og:locale\" content=\"it_IT\" \/>\n<meta property=\"og:type\" content=\"article\" \/>\n<meta property=\"og:title\" content=\"Diversit\u00e0 - Sacaim\" \/>\n<meta property=\"og:description\" content=\"L\u2019equit\u00e0 verso tutti \u00e8 uno dei nostri valori fondamentali. Pertanto, Rizzani de Eccher garantisce che ogni dipendente, attuale e neoassunto, riceva un trattamento equo basato sul merito, senza discriminazioni di genere, religione, origine etnica o di altro genere. Il nostro impegno intransigente nei confronti della nostra forza lavoro indica che tutti i dipendenti sono trattati [&hellip;]\" \/>\n<meta property=\"og:url\" content=\"https:\/\/sacaim.it\/it\/diversita\/\" \/>\n<meta property=\"og:site_name\" content=\"Sacaim\" \/>\n<meta property=\"og:image\" content=\"https:\/\/sacaim.it\/wp-content\/uploads\/sites\/2\/2023\/01\/diversity-cover-2.jpg\" \/>\n\t<meta property=\"og:image:width\" content=\"1920\" \/>\n\t<meta property=\"og:image:height\" content=\"760\" \/>\n\t<meta property=\"og:image:type\" content=\"image\/jpeg\" \/>\n<meta name=\"twitter:card\" content=\"summary_large_image\" \/>\n<meta name=\"twitter:label1\" content=\"Tempo di lettura stimato\" \/>\n\t<meta name=\"twitter:data1\" content=\"1 minuto\" \/>\n<script type=\"application\/ld+json\" class=\"yoast-schema-graph\">{\"@context\":\"https:\\\/\\\/schema.org\",\"@graph\":[{\"@type\":\"WebPage\",\"@id\":\"https:\\\/\\\/sacaim.it\\\/it\\\/diversita\\\/\",\"url\":\"https:\\\/\\\/sacaim.it\\\/it\\\/diversita\\\/\",\"name\":\"Diversit\u00e0 - Sacaim\",\"isPartOf\":{\"@id\":\"https:\\\/\\\/sacaim.it\\\/it\\\/#website\"},\"primaryImageOfPage\":{\"@id\":\"https:\\\/\\\/sacaim.it\\\/it\\\/diversita\\\/#primaryimage\"},\"image\":{\"@id\":\"https:\\\/\\\/sacaim.it\\\/it\\\/diversita\\\/#primaryimage\"},\"thumbnailUrl\":\"https:\\\/\\\/sacaim.it\\\/wp-content\\\/uploads\\\/sites\\\/2\\\/2023\\\/01\\\/diversity-cover-2.jpg\",\"datePublished\":\"2023-01-31T10:51:04+00:00\",\"breadcrumb\":{\"@id\":\"https:\\\/\\\/sacaim.it\\\/it\\\/diversita\\\/#breadcrumb\"},\"inLanguage\":\"it-IT\",\"potentialAction\":[{\"@type\":\"ReadAction\",\"target\":[\"https:\\\/\\\/sacaim.it\\\/it\\\/diversita\\\/\"]}]},{\"@type\":\"ImageObject\",\"inLanguage\":\"it-IT\",\"@id\":\"https:\\\/\\\/sacaim.it\\\/it\\\/diversita\\\/#primaryimage\",\"url\":\"https:\\\/\\\/sacaim.it\\\/wp-content\\\/uploads\\\/sites\\\/2\\\/2023\\\/01\\\/diversity-cover-2.jpg\",\"contentUrl\":\"https:\\\/\\\/sacaim.it\\\/wp-content\\\/uploads\\\/sites\\\/2\\\/2023\\\/01\\\/diversity-cover-2.jpg\",\"width\":1920,\"height\":760},{\"@type\":\"BreadcrumbList\",\"@id\":\"https:\\\/\\\/sacaim.it\\\/it\\\/diversita\\\/#breadcrumb\",\"itemListElement\":[{\"@type\":\"ListItem\",\"position\":1,\"name\":\"Home\",\"item\":\"https:\\\/\\\/sacaim.it\\\/it\\\/\"},{\"@type\":\"ListItem\",\"position\":2,\"name\":\"Diversit\u00e0\"}]},{\"@type\":\"WebSite\",\"@id\":\"https:\\\/\\\/sacaim.it\\\/it\\\/#website\",\"url\":\"https:\\\/\\\/sacaim.it\\\/it\\\/\",\"name\":\"Sacaim\",\"description\":\"\",\"publisher\":{\"@id\":\"https:\\\/\\\/sacaim.it\\\/it\\\/#organization\"},\"potentialAction\":[{\"@type\":\"SearchAction\",\"target\":{\"@type\":\"EntryPoint\",\"urlTemplate\":\"https:\\\/\\\/sacaim.it\\\/it\\\/?s={search_term_string}\"},\"query-input\":{\"@type\":\"PropertyValueSpecification\",\"valueRequired\":true,\"valueName\":\"search_term_string\"}}],\"inLanguage\":\"it-IT\"},{\"@type\":\"Organization\",\"@id\":\"https:\\\/\\\/sacaim.it\\\/it\\\/#organization\",\"name\":\"Sacaim\",\"url\":\"https:\\\/\\\/sacaim.it\\\/it\\\/\",\"logo\":{\"@type\":\"ImageObject\",\"inLanguage\":\"it-IT\",\"@id\":\"https:\\\/\\\/sacaim.it\\\/it\\\/#\\\/schema\\\/logo\\\/image\\\/\",\"url\":\"https:\\\/\\\/sacaim.it\\\/wp-content\\\/uploads\\\/sites\\\/2\\\/2022\\\/10\\\/logo_cut_sacaim-e1666600526171.png\",\"contentUrl\":\"https:\\\/\\\/sacaim.it\\\/wp-content\\\/uploads\\\/sites\\\/2\\\/2022\\\/10\\\/logo_cut_sacaim-e1666600526171.png\",\"width\":300,\"height\":125,\"caption\":\"Sacaim\"},\"image\":{\"@id\":\"https:\\\/\\\/sacaim.it\\\/it\\\/#\\\/schema\\\/logo\\\/image\\\/\"}}]}<\/script>\n<!-- \/ Yoast SEO plugin. -->","yoast_head_json":{"title":"Diversit\u00e0 - Sacaim","robots":{"index":"index","follow":"follow","max-snippet":"max-snippet:-1","max-image-preview":"max-image-preview:large","max-video-preview":"max-video-preview:-1"},"canonical":"https:\/\/rde.it\/it\/lavora-con-noi\/diversita\/","og_locale":"it_IT","og_type":"article","og_title":"Diversit\u00e0 - Sacaim","og_description":"L\u2019equit\u00e0 verso tutti \u00e8 uno dei nostri valori fondamentali. Pertanto, Rizzani de Eccher garantisce che ogni dipendente, attuale e neoassunto, riceva un trattamento equo basato sul merito, senza discriminazioni di genere, religione, origine etnica o di altro genere. Il nostro impegno intransigente nei confronti della nostra forza lavoro indica che tutti i dipendenti sono trattati [&hellip;]","og_url":"https:\/\/sacaim.it\/it\/diversita\/","og_site_name":"Sacaim","og_image":[{"width":1920,"height":760,"url":"https:\/\/sacaim.it\/wp-content\/uploads\/sites\/2\/2023\/01\/diversity-cover-2.jpg","type":"image\/jpeg"}],"twitter_card":"summary_large_image","twitter_misc":{"Tempo di lettura stimato":"1 minuto"},"schema":{"@context":"https:\/\/schema.org","@graph":[{"@type":"WebPage","@id":"https:\/\/sacaim.it\/it\/diversita\/","url":"https:\/\/sacaim.it\/it\/diversita\/","name":"Diversit\u00e0 - Sacaim","isPartOf":{"@id":"https:\/\/sacaim.it\/it\/#website"},"primaryImageOfPage":{"@id":"https:\/\/sacaim.it\/it\/diversita\/#primaryimage"},"image":{"@id":"https:\/\/sacaim.it\/it\/diversita\/#primaryimage"},"thumbnailUrl":"https:\/\/sacaim.it\/wp-content\/uploads\/sites\/2\/2023\/01\/diversity-cover-2.jpg","datePublished":"2023-01-31T10:51:04+00:00","breadcrumb":{"@id":"https:\/\/sacaim.it\/it\/diversita\/#breadcrumb"},"inLanguage":"it-IT","potentialAction":[{"@type":"ReadAction","target":["https:\/\/sacaim.it\/it\/diversita\/"]}]},{"@type":"ImageObject","inLanguage":"it-IT","@id":"https:\/\/sacaim.it\/it\/diversita\/#primaryimage","url":"https:\/\/sacaim.it\/wp-content\/uploads\/sites\/2\/2023\/01\/diversity-cover-2.jpg","contentUrl":"https:\/\/sacaim.it\/wp-content\/uploads\/sites\/2\/2023\/01\/diversity-cover-2.jpg","width":1920,"height":760},{"@type":"BreadcrumbList","@id":"https:\/\/sacaim.it\/it\/diversita\/#breadcrumb","itemListElement":[{"@type":"ListItem","position":1,"name":"Home","item":"https:\/\/sacaim.it\/it\/"},{"@type":"ListItem","position":2,"name":"Diversit\u00e0"}]},{"@type":"WebSite","@id":"https:\/\/sacaim.it\/it\/#website","url":"https:\/\/sacaim.it\/it\/","name":"Sacaim","description":"","publisher":{"@id":"https:\/\/sacaim.it\/it\/#organization"},"potentialAction":[{"@type":"SearchAction","target":{"@type":"EntryPoint","urlTemplate":"https:\/\/sacaim.it\/it\/?s={search_term_string}"},"query-input":{"@type":"PropertyValueSpecification","valueRequired":true,"valueName":"search_term_string"}}],"inLanguage":"it-IT"},{"@type":"Organization","@id":"https:\/\/sacaim.it\/it\/#organization","name":"Sacaim","url":"https:\/\/sacaim.it\/it\/","logo":{"@type":"ImageObject","inLanguage":"it-IT","@id":"https:\/\/sacaim.it\/it\/#\/schema\/logo\/image\/","url":"https:\/\/sacaim.it\/wp-content\/uploads\/sites\/2\/2022\/10\/logo_cut_sacaim-e1666600526171.png","contentUrl":"https:\/\/sacaim.it\/wp-content\/uploads\/sites\/2\/2022\/10\/logo_cut_sacaim-e1666600526171.png","width":300,"height":125,"caption":"Sacaim"},"image":{"@id":"https:\/\/sacaim.it\/it\/#\/schema\/logo\/image\/"}}]}},"distributor_meta":false,"distributor_terms":false,"distributor_media":false,"distributor_original_site_name":"Sacaim","distributor_original_site_url":"https:\/\/sacaim.it\/it\/","push-errors":false,"_links":{"self":[{"href":"https:\/\/sacaim.it\/it\/wp-json\/wp\/v2\/pages\/4198","targetHints":{"allow":["GET"]}}],"collection":[{"href":"https:\/\/sacaim.it\/it\/wp-json\/wp\/v2\/pages"}],"about":[{"href":"https:\/\/sacaim.it\/it\/wp-json\/wp\/v2\/types\/page"}],"author":[{"embeddable":true,"href":"https:\/\/sacaim.it\/it\/wp-json\/wp\/v2\/users\/1"}],"replies":[{"embeddable":true,"href":"https:\/\/sacaim.it\/it\/wp-json\/wp\/v2\/comments?post=4198"}],"version-history":[{"count":2,"href":"https:\/\/sacaim.it\/it\/wp-json\/wp\/v2\/pages\/4198\/revisions"}],"predecessor-version":[{"id":4219,"href":"https:\/\/sacaim.it\/it\/wp-json\/wp\/v2\/pages\/4198\/revisions\/4219"}],"wp:featuredmedia":[{"embeddable":true,"href":"https:\/\/sacaim.it\/it\/wp-json\/wp\/v2\/media\/4214"}],"wp:attachment":[{"href":"https:\/\/sacaim.it\/it\/wp-json\/wp\/v2\/media?parent=4198"}],"curies":[{"name":"wp","href":"https:\/\/api.w.org\/{rel}","templated":true}]}}