{"id":4201,"date":"2023-01-31T11:52:54","date_gmt":"2023-01-31T10:52:54","guid":{"rendered":"https:\/\/sacaim.it\/?page_id=4201"},"modified":"2023-01-31T11:52:54","modified_gmt":"2023-01-31T10:52:54","slug":"perche-rizzani-de-eccher","status":"publish","type":"page","link":"https:\/\/sacaim.it\/it\/perche-rizzani-de-eccher\/","title":{"rendered":"Perch\u00e9 SACAIM"},"content":{"rendered":"<p>SACAIM, fa parte di Rizzani de Eccher, un gruppo imprenditoriale internazionale, leader nel settore delle costruzioni e dell\u2019ingegneria, che promuove principi etici, sociali e ambientali nei rapporti con lavoratori, clienti e fornitori al fine di migliorare il benessere della societ\u00e0.<\/p>\n<ul>\n<li class=\"video_container wpview wpview-wrap\" contenteditable=\"false\" data-wpview-text=\"%5Bembed%5Dhttps%3A%2F%2Fvimeo.com%2F715904845%5B%2Fembed%5D\" data-wpview-type=\"embed\"><iframe title=\"Interviste Rizzani_1.mp4\" src=\"https:\/\/player.vimeo.com\/video\/715904845?h=950e91329c&amp;dnt=1&amp;app_id=122963\" frameborder=\"0\" allowfullscreen=\"allowfullscreen\"><span style=\"display: inline-block; width: 0px; overflow: hidden; line-height: 0;\" data-mce-type=\"bookmark\" class=\"mce_SELRES_start\">\ufeff<\/span><\/iframe><\/li>\n<li class=\"video_container wpview wpview-wrap\" contenteditable=\"false\" data-wpview-text=\"%5Bembed%5Dhttps%3A%2F%2Fvimeo.com%2F715909063%5B%2Fembed%5D\" data-wpview-type=\"embed\"><iframe title=\"Interviste Rizzani_2.mp4\" src=\"https:\/\/player.vimeo.com\/video\/715909063?h=47e6faba3c&amp;dnt=1&amp;app_id=122963\" frameborder=\"0\" allowfullscreen=\"allowfullscreen\"><\/iframe><\/li>\n<\/ul>\n<p>&nbsp;<\/p>\n<p><strong> CULTURA UNICA<\/strong><\/p>\n<p>Rizzani de Eccher \u00e8 un ambiente vivace con una forza lavoro multinazionale caratterizzata da una spinta competitiva e orientata ai risultati.<\/p>\n<p>Siamo orgogliosi di sottolineare che la nostra cultura aziendale non \u00e8 solo eccezionale, ma anche vitale per il progresso continuo. Gli impeccabili risultati di Rizzani de Eccher non sono stati raggiunti dalla semplice fortuna, ma dal duro lavoro incessante.<\/p>\n<ul>\n<li class=\"video_container wpview wpview-wrap\" contenteditable=\"false\" data-wpview-text=\"%5Bembed%5Dhttps%3A%2F%2Fvimeo.com%2F715904845%5B%2Fembed%5D\" data-wpview-type=\"embed\"><iframe title=\"Interviste Rizzani_1.mp4\" src=\"https:\/\/player.vimeo.com\/video\/715909503?h=950e91329c&amp;dnt=1&amp;app_id=122963\" frameborder=\"0\" allowfullscreen=\"allowfullscreen\"><\/iframe><\/li>\n<li class=\"video_container wpview wpview-wrap\" contenteditable=\"false\" data-wpview-text=\"%5Bembed%5Dhttps%3A%2F%2Fvimeo.com%2F715909063%5B%2Fembed%5D\" data-wpview-type=\"embed\"><iframe title=\"Interviste Rizzani_2.mp4\" src=\"https:\/\/player.vimeo.com\/video\/715910252?h=47e6faba3c&amp;dnt=1&amp;app_id=122963\" frameborder=\"0\" allowfullscreen=\"allowfullscreen\"><\/iframe><\/li>\n<\/ul>\n<p>&nbsp;<\/p>\n<p>Tuttavia, il fattore decisivo durante tutti i decenni si manifesta nell\u2019insieme di tratti culturali unici che ci definiscono.<br \/>\nLa cultura distintiva radicata in Rizzani de Eccher si basa sui Valori Familiari di Integrit\u00e0, Lealt\u00e0, Umilt\u00e0 e Onest\u00e0.<\/p>\n<ul>\n<li class=\"video_container wpview wpview-wrap\" contenteditable=\"false\" data-wpview-text=\"%5Bembed%5Dhttps%3A%2F%2Fvimeo.com%2F715904845%5B%2Fembed%5D\" data-wpview-type=\"embed\"><iframe title=\"Interviste Rizzani_1.mp4\" src=\"https:\/\/player.vimeo.com\/video\/715910585?h=950e91329c&amp;dnt=1&amp;app_id=122963\" frameborder=\"0\" allowfullscreen=\"allowfullscreen\"><\/iframe><\/li>\n<li class=\"video_container wpview wpview-wrap\" contenteditable=\"false\" data-wpview-text=\"%5Bembed%5Dhttps%3A%2F%2Fvimeo.com%2F715909063%5B%2Fembed%5D\" data-wpview-type=\"embed\"><iframe title=\"Interviste Rizzani_2.mp4\" src=\"https:\/\/player.vimeo.com\/video\/715910724?h=47e6faba3c&amp;dnt=1&amp;app_id=122963\" frameborder=\"0\" allowfullscreen=\"allowfullscreen\"><\/iframe><\/li>\n<\/ul>\n<p>&nbsp;<\/p>\n<p>Il senso di appartenenza vissuta dai dipendenti e il clima familiare prevalente, porta inevitabilmente a un ambiente stimolante, vivace e dinamico, nonostante la sua diffusione geografica.<\/p>\n<p>Rizzani de Eccher \u00e8 una seconda casa per tutti i membri della famiglia Rizzani de Eccher.<\/p>\n<ul>\n<li class=\"video_container wpview wpview-wrap\" contenteditable=\"false\" data-wpview-text=\"%5Bembed%5Dhttps%3A%2F%2Fvimeo.com%2F715904845%5B%2Fembed%5D\" data-wpview-type=\"embed\"><iframe title=\"Interviste Rizzani_1.mp4\" src=\"https:\/\/player.vimeo.com\/video\/715911305?h=950e91329c&amp;dnt=1&amp;app_id=122963\" frameborder=\"0\" allowfullscreen=\"allowfullscreen\"><\/iframe><\/li>\n<li class=\"video_container wpview wpview-wrap\" contenteditable=\"false\" data-wpview-text=\"%5Bembed%5Dhttps%3A%2F%2Fvimeo.com%2F715909063%5B%2Fembed%5D\" data-wpview-type=\"embed\"><iframe title=\"Interviste Rizzani_2.mp4\" src=\"https:\/\/player.vimeo.com\/video\/715911442?h=47e6faba3c&amp;dnt=1&amp;app_id=122963\" frameborder=\"0\" allowfullscreen=\"allowfullscreen\"><\/iframe><\/li>\n<\/ul>\n<p>&nbsp;<\/p>\n","protected":false},"excerpt":{"rendered":"<p>SACAIM, fa parte di Rizzani de Eccher, un gruppo imprenditoriale internazionale, leader nel settore delle costruzioni e dell\u2019ingegneria, che promuove principi etici, sociali e ambientali nei rapporti con lavoratori, clienti e fornitori al fine di migliorare il benessere della societ\u00e0. \ufeff &nbsp; CULTURA UNICA Rizzani de Eccher \u00e8 un ambiente vivace con una forza lavoro [&hellip;]<\/p>\n","protected":false},"author":1,"featured_media":4202,"parent":0,"menu_order":0,"comment_status":"closed","ping_status":"closed","template":"","meta":{"_acf_changed":false,"footnotes":""},"class_list":["post-4201","page","type-page","status-publish","has-post-thumbnail","hentry"],"acf":[],"yoast_head":"<!-- This site is optimized with the Yoast SEO plugin v27.3 - https:\/\/yoast.com\/product\/yoast-seo-wordpress\/ -->\n<title>Perch\u00e9 SACAIM - Sacaim<\/title>\n<meta name=\"robots\" content=\"index, follow, max-snippet:-1, max-image-preview:large, max-video-preview:-1\" \/>\n<link rel=\"canonical\" href=\"https:\/\/sacaim.it\/it\/perche-rizzani-de-eccher\/\" \/>\n<meta property=\"og:locale\" content=\"it_IT\" \/>\n<meta property=\"og:type\" content=\"article\" \/>\n<meta property=\"og:title\" content=\"Perch\u00e9 SACAIM - Sacaim\" \/>\n<meta property=\"og:description\" content=\"SACAIM, fa parte di Rizzani de Eccher, un gruppo imprenditoriale internazionale, leader nel settore delle costruzioni e dell\u2019ingegneria, che promuove principi etici, sociali e ambientali nei rapporti con lavoratori, clienti e fornitori al fine di migliorare il benessere della societ\u00e0. \ufeff &nbsp; CULTURA UNICA Rizzani de Eccher \u00e8 un ambiente vivace con una forza lavoro [&hellip;]\" \/>\n<meta property=\"og:url\" content=\"https:\/\/sacaim.it\/it\/perche-rizzani-de-eccher\/\" \/>\n<meta property=\"og:site_name\" content=\"Sacaim\" \/>\n<meta property=\"og:image\" content=\"https:\/\/sacaim.it\/wp-content\/uploads\/sites\/2\/2023\/01\/copertina-why-us-1-1.jpg\" \/>\n\t<meta property=\"og:image:width\" content=\"1920\" \/>\n\t<meta property=\"og:image:height\" content=\"760\" \/>\n\t<meta property=\"og:image:type\" content=\"image\/jpeg\" \/>\n<meta name=\"twitter:card\" content=\"summary_large_image\" \/>\n<meta name=\"twitter:label1\" content=\"Tempo di lettura stimato\" \/>\n\t<meta name=\"twitter:data1\" content=\"1 minuto\" \/>\n<script type=\"application\/ld+json\" class=\"yoast-schema-graph\">{\"@context\":\"https:\\\/\\\/schema.org\",\"@graph\":[{\"@type\":\"WebPage\",\"@id\":\"https:\\\/\\\/sacaim.it\\\/it\\\/perche-rizzani-de-eccher\\\/\",\"url\":\"https:\\\/\\\/sacaim.it\\\/it\\\/perche-rizzani-de-eccher\\\/\",\"name\":\"Perch\u00e9 SACAIM - Sacaim\",\"isPartOf\":{\"@id\":\"https:\\\/\\\/sacaim.it\\\/it\\\/#website\"},\"primaryImageOfPage\":{\"@id\":\"https:\\\/\\\/sacaim.it\\\/it\\\/perche-rizzani-de-eccher\\\/#primaryimage\"},\"image\":{\"@id\":\"https:\\\/\\\/sacaim.it\\\/it\\\/perche-rizzani-de-eccher\\\/#primaryimage\"},\"thumbnailUrl\":\"https:\\\/\\\/sacaim.it\\\/wp-content\\\/uploads\\\/sites\\\/2\\\/2023\\\/01\\\/copertina-why-us-1-1.jpg\",\"datePublished\":\"2023-01-31T10:52:54+00:00\",\"breadcrumb\":{\"@id\":\"https:\\\/\\\/sacaim.it\\\/it\\\/perche-rizzani-de-eccher\\\/#breadcrumb\"},\"inLanguage\":\"it-IT\",\"potentialAction\":[{\"@type\":\"ReadAction\",\"target\":[\"https:\\\/\\\/sacaim.it\\\/it\\\/perche-rizzani-de-eccher\\\/\"]}]},{\"@type\":\"ImageObject\",\"inLanguage\":\"it-IT\",\"@id\":\"https:\\\/\\\/sacaim.it\\\/it\\\/perche-rizzani-de-eccher\\\/#primaryimage\",\"url\":\"https:\\\/\\\/sacaim.it\\\/wp-content\\\/uploads\\\/sites\\\/2\\\/2023\\\/01\\\/copertina-why-us-1-1.jpg\",\"contentUrl\":\"https:\\\/\\\/sacaim.it\\\/wp-content\\\/uploads\\\/sites\\\/2\\\/2023\\\/01\\\/copertina-why-us-1-1.jpg\",\"width\":1920,\"height\":760},{\"@type\":\"BreadcrumbList\",\"@id\":\"https:\\\/\\\/sacaim.it\\\/it\\\/perche-rizzani-de-eccher\\\/#breadcrumb\",\"itemListElement\":[{\"@type\":\"ListItem\",\"position\":1,\"name\":\"Home\",\"item\":\"https:\\\/\\\/sacaim.it\\\/it\\\/\"},{\"@type\":\"ListItem\",\"position\":2,\"name\":\"Perch\u00e9 SACAIM\"}]},{\"@type\":\"WebSite\",\"@id\":\"https:\\\/\\\/sacaim.it\\\/it\\\/#website\",\"url\":\"https:\\\/\\\/sacaim.it\\\/it\\\/\",\"name\":\"Sacaim\",\"description\":\"\",\"publisher\":{\"@id\":\"https:\\\/\\\/sacaim.it\\\/it\\\/#organization\"},\"potentialAction\":[{\"@type\":\"SearchAction\",\"target\":{\"@type\":\"EntryPoint\",\"urlTemplate\":\"https:\\\/\\\/sacaim.it\\\/it\\\/?s={search_term_string}\"},\"query-input\":{\"@type\":\"PropertyValueSpecification\",\"valueRequired\":true,\"valueName\":\"search_term_string\"}}],\"inLanguage\":\"it-IT\"},{\"@type\":\"Organization\",\"@id\":\"https:\\\/\\\/sacaim.it\\\/it\\\/#organization\",\"name\":\"Sacaim\",\"url\":\"https:\\\/\\\/sacaim.it\\\/it\\\/\",\"logo\":{\"@type\":\"ImageObject\",\"inLanguage\":\"it-IT\",\"@id\":\"https:\\\/\\\/sacaim.it\\\/it\\\/#\\\/schema\\\/logo\\\/image\\\/\",\"url\":\"https:\\\/\\\/sacaim.it\\\/wp-content\\\/uploads\\\/sites\\\/2\\\/2022\\\/10\\\/logo_cut_sacaim-e1666600526171.png\",\"contentUrl\":\"https:\\\/\\\/sacaim.it\\\/wp-content\\\/uploads\\\/sites\\\/2\\\/2022\\\/10\\\/logo_cut_sacaim-e1666600526171.png\",\"width\":300,\"height\":125,\"caption\":\"Sacaim\"},\"image\":{\"@id\":\"https:\\\/\\\/sacaim.it\\\/it\\\/#\\\/schema\\\/logo\\\/image\\\/\"}}]}<\/script>\n<!-- \/ Yoast SEO plugin. -->","yoast_head_json":{"title":"Perch\u00e9 SACAIM - Sacaim","robots":{"index":"index","follow":"follow","max-snippet":"max-snippet:-1","max-image-preview":"max-image-preview:large","max-video-preview":"max-video-preview:-1"},"canonical":"https:\/\/sacaim.it\/it\/perche-rizzani-de-eccher\/","og_locale":"it_IT","og_type":"article","og_title":"Perch\u00e9 SACAIM - Sacaim","og_description":"SACAIM, fa parte di Rizzani de Eccher, un gruppo imprenditoriale internazionale, leader nel settore delle costruzioni e dell\u2019ingegneria, che promuove principi etici, sociali e ambientali nei rapporti con lavoratori, clienti e fornitori al fine di migliorare il benessere della societ\u00e0. \ufeff &nbsp; CULTURA UNICA Rizzani de Eccher \u00e8 un ambiente vivace con una forza lavoro [&hellip;]","og_url":"https:\/\/sacaim.it\/it\/perche-rizzani-de-eccher\/","og_site_name":"Sacaim","og_image":[{"width":1920,"height":760,"url":"https:\/\/sacaim.it\/wp-content\/uploads\/sites\/2\/2023\/01\/copertina-why-us-1-1.jpg","type":"image\/jpeg"}],"twitter_card":"summary_large_image","twitter_misc":{"Tempo di lettura stimato":"1 minuto"},"schema":{"@context":"https:\/\/schema.org","@graph":[{"@type":"WebPage","@id":"https:\/\/sacaim.it\/it\/perche-rizzani-de-eccher\/","url":"https:\/\/sacaim.it\/it\/perche-rizzani-de-eccher\/","name":"Perch\u00e9 SACAIM - Sacaim","isPartOf":{"@id":"https:\/\/sacaim.it\/it\/#website"},"primaryImageOfPage":{"@id":"https:\/\/sacaim.it\/it\/perche-rizzani-de-eccher\/#primaryimage"},"image":{"@id":"https:\/\/sacaim.it\/it\/perche-rizzani-de-eccher\/#primaryimage"},"thumbnailUrl":"https:\/\/sacaim.it\/wp-content\/uploads\/sites\/2\/2023\/01\/copertina-why-us-1-1.jpg","datePublished":"2023-01-31T10:52:54+00:00","breadcrumb":{"@id":"https:\/\/sacaim.it\/it\/perche-rizzani-de-eccher\/#breadcrumb"},"inLanguage":"it-IT","potentialAction":[{"@type":"ReadAction","target":["https:\/\/sacaim.it\/it\/perche-rizzani-de-eccher\/"]}]},{"@type":"ImageObject","inLanguage":"it-IT","@id":"https:\/\/sacaim.it\/it\/perche-rizzani-de-eccher\/#primaryimage","url":"https:\/\/sacaim.it\/wp-content\/uploads\/sites\/2\/2023\/01\/copertina-why-us-1-1.jpg","contentUrl":"https:\/\/sacaim.it\/wp-content\/uploads\/sites\/2\/2023\/01\/copertina-why-us-1-1.jpg","width":1920,"height":760},{"@type":"BreadcrumbList","@id":"https:\/\/sacaim.it\/it\/perche-rizzani-de-eccher\/#breadcrumb","itemListElement":[{"@type":"ListItem","position":1,"name":"Home","item":"https:\/\/sacaim.it\/it\/"},{"@type":"ListItem","position":2,"name":"Perch\u00e9 SACAIM"}]},{"@type":"WebSite","@id":"https:\/\/sacaim.it\/it\/#website","url":"https:\/\/sacaim.it\/it\/","name":"Sacaim","description":"","publisher":{"@id":"https:\/\/sacaim.it\/it\/#organization"},"potentialAction":[{"@type":"SearchAction","target":{"@type":"EntryPoint","urlTemplate":"https:\/\/sacaim.it\/it\/?s={search_term_string}"},"query-input":{"@type":"PropertyValueSpecification","valueRequired":true,"valueName":"search_term_string"}}],"inLanguage":"it-IT"},{"@type":"Organization","@id":"https:\/\/sacaim.it\/it\/#organization","name":"Sacaim","url":"https:\/\/sacaim.it\/it\/","logo":{"@type":"ImageObject","inLanguage":"it-IT","@id":"https:\/\/sacaim.it\/it\/#\/schema\/logo\/image\/","url":"https:\/\/sacaim.it\/wp-content\/uploads\/sites\/2\/2022\/10\/logo_cut_sacaim-e1666600526171.png","contentUrl":"https:\/\/sacaim.it\/wp-content\/uploads\/sites\/2\/2022\/10\/logo_cut_sacaim-e1666600526171.png","width":300,"height":125,"caption":"Sacaim"},"image":{"@id":"https:\/\/sacaim.it\/it\/#\/schema\/logo\/image\/"}}]}},"distributor_meta":false,"distributor_terms":false,"distributor_media":false,"distributor_original_site_name":"Sacaim","distributor_original_site_url":"https:\/\/sacaim.it\/it\/","push-errors":false,"_links":{"self":[{"href":"https:\/\/sacaim.it\/it\/wp-json\/wp\/v2\/pages\/4201","targetHints":{"allow":["GET"]}}],"collection":[{"href":"https:\/\/sacaim.it\/it\/wp-json\/wp\/v2\/pages"}],"about":[{"href":"https:\/\/sacaim.it\/it\/wp-json\/wp\/v2\/types\/page"}],"author":[{"embeddable":true,"href":"https:\/\/sacaim.it\/it\/wp-json\/wp\/v2\/users\/1"}],"replies":[{"embeddable":true,"href":"https:\/\/sacaim.it\/it\/wp-json\/wp\/v2\/comments?post=4201"}],"version-history":[{"count":1,"href":"https:\/\/sacaim.it\/it\/wp-json\/wp\/v2\/pages\/4201\/revisions"}],"predecessor-version":[{"id":4224,"href":"https:\/\/sacaim.it\/it\/wp-json\/wp\/v2\/pages\/4201\/revisions\/4224"}],"wp:featuredmedia":[{"embeddable":true,"href":"https:\/\/sacaim.it\/it\/wp-json\/wp\/v2\/media\/4202"}],"wp:attachment":[{"href":"https:\/\/sacaim.it\/it\/wp-json\/wp\/v2\/media?parent=4201"}],"curies":[{"name":"wp","href":"https:\/\/api.w.org\/{rel}","templated":true}]}}