{"id":4204,"date":"2023-01-31T12:01:25","date_gmt":"2023-01-31T11:01:25","guid":{"rendered":"https:\/\/sacaim.it\/?page_id=4204"},"modified":"2023-01-31T12:01:25","modified_gmt":"2023-01-31T11:01:25","slug":"corsi-di-formazione-e-master","status":"publish","type":"page","link":"https:\/\/sacaim.it\/it\/corsi-di-formazione-e-master\/","title":{"rendered":"CORSI DI FORMAZIONE E MASTER"},"content":{"rendered":"<p>Rizzani de Eccher ha sempre considerato la formazione come la massima importanza per lo sviluppo del proprio personale.<\/p>\n<p>Il nostro patrimonio sono le persone, le cui capacit\u00e0, abilit\u00e0 e professionalit\u00e0 individuali vengono sviluppate e valorizzate attraverso percorsi formativi e di sviluppo mirati, sia attraverso le \u201cAccademie Interne\u201d e attraverso esperienze d\u2019aula interaziendali.<\/p>\n<p>I Master post-laurea, la partecipazione ai Career Day e i continui contatti con le universit\u00e0, da cui derivano le numerose opportunit\u00e0 di stage e formazione offerte dal Gruppo, consentono a giovani di conoscere ed apprezzare da vicino il nostro lavoro e la nostra realt\u00e0.<\/p>\n<p>&nbsp;<\/p>\n<div id=\"gallery-1\" class=\"gallery galleryid-0 gallery-columns-3 gallery-size-square_medium\">\n<figure class=\"gallery-item\">\n<div class=\"gallery-icon landscape\"><a href=\"https:\/\/rde.it\/wp-content\/uploads\/2022\/06\/training-0.jpg\"><img loading=\"lazy\" decoding=\"async\" class=\"attachment-square_medium size-square_medium\" src=\"https:\/\/rde.it\/wp-content\/uploads\/2022\/06\/training-0-500x500.jpg\" sizes=\"auto, (max-width: 500px) 100vw, 500px\" srcset=\"https:\/\/rde.it\/wp-content\/uploads\/2022\/06\/training-0.jpg 500w, https:\/\/rde.it\/wp-content\/uploads\/2022\/06\/training-0-300x300.jpg 300w, https:\/\/rde.it\/wp-content\/uploads\/2022\/06\/training-0-150x150.jpg 150w\" alt=\"\" width=\"500\" height=\"500\" \/><\/a><\/div>\n<\/figure>\n<figure class=\"gallery-item\">\n<div class=\"gallery-icon landscape\"><a href=\"https:\/\/rde.it\/wp-content\/uploads\/2022\/06\/training-7.jpg\"><img loading=\"lazy\" decoding=\"async\" class=\"attachment-square_medium size-square_medium\" src=\"https:\/\/rde.it\/wp-content\/uploads\/2022\/06\/training-7-500x500.jpg\" sizes=\"auto, (max-width: 500px) 100vw, 500px\" srcset=\"https:\/\/rde.it\/wp-content\/uploads\/2022\/06\/training-7.jpg 500w, https:\/\/rde.it\/wp-content\/uploads\/2022\/06\/training-7-300x300.jpg 300w, https:\/\/rde.it\/wp-content\/uploads\/2022\/06\/training-7-150x150.jpg 150w\" alt=\"\" width=\"500\" height=\"500\" \/><\/a><\/div>\n<\/figure>\n<figure class=\"gallery-item\">\n<div class=\"gallery-icon landscape\"><a href=\"https:\/\/rde.it\/wp-content\/uploads\/2022\/06\/training-1.jpg\"><img loading=\"lazy\" decoding=\"async\" class=\"attachment-square_medium size-square_medium\" src=\"https:\/\/rde.it\/wp-content\/uploads\/2022\/06\/training-1-500x500.jpg\" sizes=\"auto, (max-width: 500px) 100vw, 500px\" srcset=\"https:\/\/rde.it\/wp-content\/uploads\/2022\/06\/training-1.jpg 500w, https:\/\/rde.it\/wp-content\/uploads\/2022\/06\/training-1-300x300.jpg 300w, https:\/\/rde.it\/wp-content\/uploads\/2022\/06\/training-1-150x150.jpg 150w\" alt=\"\" width=\"500\" height=\"500\" \/><\/a><\/div>\n<\/figure>\n<figure class=\"gallery-item\">\n<div class=\"gallery-icon landscape\"><a href=\"https:\/\/rde.it\/wp-content\/uploads\/2022\/06\/training-4.jpg\"><img loading=\"lazy\" decoding=\"async\" class=\"attachment-square_medium size-square_medium\" src=\"https:\/\/rde.it\/wp-content\/uploads\/2022\/06\/training-4-500x500.jpg\" sizes=\"auto, (max-width: 500px) 100vw, 500px\" srcset=\"https:\/\/rde.it\/wp-content\/uploads\/2022\/06\/training-4.jpg 500w, https:\/\/rde.it\/wp-content\/uploads\/2022\/06\/training-4-300x300.jpg 300w, https:\/\/rde.it\/wp-content\/uploads\/2022\/06\/training-4-150x150.jpg 150w\" alt=\"\" width=\"500\" height=\"500\" \/><\/a><\/div>\n<\/figure>\n<figure class=\"gallery-item\">\n<div class=\"gallery-icon landscape\"><a href=\"https:\/\/rde.it\/wp-content\/uploads\/2022\/06\/training-2.jpg\"><img loading=\"lazy\" decoding=\"async\" class=\"attachment-square_medium size-square_medium\" src=\"https:\/\/rde.it\/wp-content\/uploads\/2022\/06\/training-2-500x500.jpg\" sizes=\"auto, (max-width: 500px) 100vw, 500px\" srcset=\"https:\/\/rde.it\/wp-content\/uploads\/2022\/06\/training-2.jpg 500w, https:\/\/rde.it\/wp-content\/uploads\/2022\/06\/training-2-300x300.jpg 300w, https:\/\/rde.it\/wp-content\/uploads\/2022\/06\/training-2-150x150.jpg 150w\" alt=\"\" width=\"500\" height=\"500\" \/><\/a><\/div>\n<\/figure>\n<figure class=\"gallery-item\">\n<div class=\"gallery-icon landscape\"><a href=\"https:\/\/rde.it\/wp-content\/uploads\/2022\/06\/training-5.jpg\"><img loading=\"lazy\" decoding=\"async\" class=\"attachment-square_medium size-square_medium\" src=\"https:\/\/rde.it\/wp-content\/uploads\/2022\/06\/training-5-500x500.jpg\" sizes=\"auto, (max-width: 500px) 100vw, 500px\" srcset=\"https:\/\/rde.it\/wp-content\/uploads\/2022\/06\/training-5.jpg 500w, https:\/\/rde.it\/wp-content\/uploads\/2022\/06\/training-5-300x300.jpg 300w, https:\/\/rde.it\/wp-content\/uploads\/2022\/06\/training-5-150x150.jpg 150w\" alt=\"\" width=\"500\" height=\"500\" \/><\/a><\/div>\n<\/figure>\n<figure class=\"gallery-item\">\n<div class=\"gallery-icon landscape\"><a href=\"https:\/\/rde.it\/wp-content\/uploads\/2022\/06\/training-3.jpg\"><img loading=\"lazy\" decoding=\"async\" class=\"attachment-square_medium size-square_medium\" src=\"https:\/\/rde.it\/wp-content\/uploads\/2022\/06\/training-3-500x500.jpg\" sizes=\"auto, (max-width: 500px) 100vw, 500px\" srcset=\"https:\/\/rde.it\/wp-content\/uploads\/2022\/06\/training-3.jpg 500w, https:\/\/rde.it\/wp-content\/uploads\/2022\/06\/training-3-300x300.jpg 300w, https:\/\/rde.it\/wp-content\/uploads\/2022\/06\/training-3-150x150.jpg 150w\" alt=\"\" width=\"500\" height=\"500\" \/><\/a><\/div>\n<\/figure>\n<figure class=\"gallery-item\">\n<div class=\"gallery-icon landscape\"><a href=\"https:\/\/rde.it\/wp-content\/uploads\/2022\/06\/training-6.jpg\"><img loading=\"lazy\" decoding=\"async\" class=\"attachment-square_medium size-square_medium\" src=\"https:\/\/rde.it\/wp-content\/uploads\/2022\/06\/training-6-500x500.jpg\" sizes=\"auto, (max-width: 500px) 100vw, 500px\" srcset=\"https:\/\/rde.it\/wp-content\/uploads\/2022\/06\/training-6.jpg 500w, https:\/\/rde.it\/wp-content\/uploads\/2022\/06\/training-6-300x300.jpg 300w, https:\/\/rde.it\/wp-content\/uploads\/2022\/06\/training-6-150x150.jpg 150w\" alt=\"\" width=\"500\" height=\"500\" \/><\/a><\/div>\n<\/figure>\n<\/div>\n<p>&nbsp;<\/p>\n<h3>FORMAZIONE<\/h3>\n<p>Negli ultimi anni il Gruppo ha intrapreso importanti iniziative per la formazione dei propri tecnici-specialisti interni ed esterni e per l\u2019attuazione di piani di formazione per tutto il personale ed in particolare neolaureati e diplomati.<\/p>\n<p>Sul fronte della formazione manageriale sono stati attivati \u200b\u200bspecifici percorsi formativi per la prima linea aziendale, volti allo sviluppo delle competenze relative alla comunicazione, leadership, risk management, people management e gestione commerciale.<\/p>\n<p>Sono stati attivati \u200b\u200bspecifici percorsi formativi con il personale interno ed enti esterni e grande impegno \u00e8 stato dedicato allo sviluppo delle carriere interne all\u2019organizzazione, con i seguenti obiettivi: sviluppare competenze avanzate e trasversali e stimolare le competenze e le potenzialit\u00e0 dei propri dipendenti, affinch\u00e9 essi possono raggiungere pienamente i loro obiettivi di carriera.<\/p>\n<div id=\"gallery-2\" class=\"gallery galleryid-0 gallery-columns-3 gallery-size-square_medium\">\n<figure class=\"gallery-item\">\n<div class=\"gallery-icon landscape\"><a href=\"https:\/\/rde.it\/wp-content\/uploads\/2022\/06\/uniUD.jpg\"><img loading=\"lazy\" decoding=\"async\" class=\"attachment-square_medium size-square_medium\" src=\"https:\/\/rde.it\/wp-content\/uploads\/2022\/06\/uniUD-500x500.jpg\" sizes=\"auto, (max-width: 500px) 100vw, 500px\" srcset=\"https:\/\/rde.it\/wp-content\/uploads\/2022\/06\/uniUD.jpg 500w, https:\/\/rde.it\/wp-content\/uploads\/2022\/06\/uniUD-300x300.jpg 300w, https:\/\/rde.it\/wp-content\/uploads\/2022\/06\/uniUD-150x150.jpg 150w\" alt=\"\" width=\"500\" height=\"500\" \/><\/a><\/div>\n<\/figure>\n<figure class=\"gallery-item\">\n<div class=\"gallery-icon landscape\"><a href=\"https:\/\/rde.it\/wp-content\/uploads\/2022\/06\/uniTS.jpg\"><img loading=\"lazy\" decoding=\"async\" class=\"attachment-square_medium size-square_medium\" src=\"https:\/\/rde.it\/wp-content\/uploads\/2022\/06\/uniTS-500x500.jpg\" sizes=\"auto, (max-width: 500px) 100vw, 500px\" srcset=\"https:\/\/rde.it\/wp-content\/uploads\/2022\/06\/uniTS.jpg 500w, https:\/\/rde.it\/wp-content\/uploads\/2022\/06\/uniTS-300x300.jpg 300w, https:\/\/rde.it\/wp-content\/uploads\/2022\/06\/uniTS-150x150.jpg 150w\" alt=\"\" width=\"500\" height=\"500\" \/><\/a><\/div>\n<\/figure>\n<\/div>\n","protected":false},"excerpt":{"rendered":"<p>Rizzani de Eccher ha sempre considerato la formazione come la massima importanza per lo sviluppo del proprio personale. Il nostro patrimonio sono le persone, le cui capacit\u00e0, abilit\u00e0 e professionalit\u00e0 individuali vengono sviluppate e valorizzate attraverso percorsi formativi e di sviluppo mirati, sia attraverso le \u201cAccademie Interne\u201d e attraverso esperienze d\u2019aula interaziendali. I Master post-laurea, [&hellip;]<\/p>\n","protected":false},"author":1,"featured_media":4205,"parent":0,"menu_order":0,"comment_status":"closed","ping_status":"closed","template":"page-master.php","meta":{"_acf_changed":false,"footnotes":""},"class_list":["post-4204","page","type-page","status-publish","has-post-thumbnail","hentry"],"acf":[],"yoast_head":"<!-- This site is optimized with the Yoast SEO plugin v27.3 - https:\/\/yoast.com\/product\/yoast-seo-wordpress\/ -->\n<title>CORSI DI FORMAZIONE E MASTER - Sacaim<\/title>\n<meta name=\"robots\" content=\"index, follow, max-snippet:-1, max-image-preview:large, max-video-preview:-1\" \/>\n<link rel=\"canonical\" href=\"https:\/\/rde.it\/it\/lavora-con-noi\/corsi-di-formazione-e-master\/\" \/>\n<meta property=\"og:locale\" content=\"it_IT\" \/>\n<meta property=\"og:type\" content=\"article\" \/>\n<meta property=\"og:title\" content=\"CORSI DI FORMAZIONE E MASTER - Sacaim\" \/>\n<meta property=\"og:description\" content=\"Rizzani de Eccher ha sempre considerato la formazione come la massima importanza per lo sviluppo del proprio personale. Il nostro patrimonio sono le persone, le cui capacit\u00e0, abilit\u00e0 e professionalit\u00e0 individuali vengono sviluppate e valorizzate attraverso percorsi formativi e di sviluppo mirati, sia attraverso le \u201cAccademie Interne\u201d e attraverso esperienze d\u2019aula interaziendali. I Master post-laurea, [&hellip;]\" \/>\n<meta property=\"og:url\" content=\"https:\/\/sacaim.it\/it\/corsi-di-formazione-e-master\/\" \/>\n<meta property=\"og:site_name\" content=\"Sacaim\" \/>\n<meta property=\"og:image\" content=\"https:\/\/sacaim.it\/wp-content\/uploads\/sites\/2\/2023\/01\/training-master-programs.jpg\" \/>\n\t<meta property=\"og:image:width\" content=\"1843\" \/>\n\t<meta property=\"og:image:height\" content=\"1229\" \/>\n\t<meta property=\"og:image:type\" content=\"image\/jpeg\" \/>\n<meta name=\"twitter:card\" content=\"summary_large_image\" \/>\n<meta name=\"twitter:label1\" content=\"Tempo di lettura stimato\" \/>\n\t<meta name=\"twitter:data1\" content=\"3 minuti\" \/>\n<script type=\"application\/ld+json\" class=\"yoast-schema-graph\">{\"@context\":\"https:\\\/\\\/schema.org\",\"@graph\":[{\"@type\":\"WebPage\",\"@id\":\"https:\\\/\\\/sacaim.it\\\/it\\\/corsi-di-formazione-e-master\\\/\",\"url\":\"https:\\\/\\\/sacaim.it\\\/it\\\/corsi-di-formazione-e-master\\\/\",\"name\":\"CORSI DI FORMAZIONE E MASTER - Sacaim\",\"isPartOf\":{\"@id\":\"https:\\\/\\\/sacaim.it\\\/it\\\/#website\"},\"primaryImageOfPage\":{\"@id\":\"https:\\\/\\\/sacaim.it\\\/it\\\/corsi-di-formazione-e-master\\\/#primaryimage\"},\"image\":{\"@id\":\"https:\\\/\\\/sacaim.it\\\/it\\\/corsi-di-formazione-e-master\\\/#primaryimage\"},\"thumbnailUrl\":\"https:\\\/\\\/sacaim.it\\\/wp-content\\\/uploads\\\/sites\\\/2\\\/2023\\\/01\\\/training-master-programs.jpg\",\"datePublished\":\"2023-01-31T11:01:25+00:00\",\"breadcrumb\":{\"@id\":\"https:\\\/\\\/sacaim.it\\\/it\\\/corsi-di-formazione-e-master\\\/#breadcrumb\"},\"inLanguage\":\"it-IT\",\"potentialAction\":[{\"@type\":\"ReadAction\",\"target\":[\"https:\\\/\\\/sacaim.it\\\/it\\\/corsi-di-formazione-e-master\\\/\"]}]},{\"@type\":\"ImageObject\",\"inLanguage\":\"it-IT\",\"@id\":\"https:\\\/\\\/sacaim.it\\\/it\\\/corsi-di-formazione-e-master\\\/#primaryimage\",\"url\":\"https:\\\/\\\/sacaim.it\\\/wp-content\\\/uploads\\\/sites\\\/2\\\/2023\\\/01\\\/training-master-programs.jpg\",\"contentUrl\":\"https:\\\/\\\/sacaim.it\\\/wp-content\\\/uploads\\\/sites\\\/2\\\/2023\\\/01\\\/training-master-programs.jpg\",\"width\":1843,\"height\":1229,\"caption\":\"Training Master Programs\"},{\"@type\":\"BreadcrumbList\",\"@id\":\"https:\\\/\\\/sacaim.it\\\/it\\\/corsi-di-formazione-e-master\\\/#breadcrumb\",\"itemListElement\":[{\"@type\":\"ListItem\",\"position\":1,\"name\":\"Home\",\"item\":\"https:\\\/\\\/sacaim.it\\\/it\\\/\"},{\"@type\":\"ListItem\",\"position\":2,\"name\":\"CORSI DI FORMAZIONE E MASTER\"}]},{\"@type\":\"WebSite\",\"@id\":\"https:\\\/\\\/sacaim.it\\\/it\\\/#website\",\"url\":\"https:\\\/\\\/sacaim.it\\\/it\\\/\",\"name\":\"Sacaim\",\"description\":\"\",\"publisher\":{\"@id\":\"https:\\\/\\\/sacaim.it\\\/it\\\/#organization\"},\"potentialAction\":[{\"@type\":\"SearchAction\",\"target\":{\"@type\":\"EntryPoint\",\"urlTemplate\":\"https:\\\/\\\/sacaim.it\\\/it\\\/?s={search_term_string}\"},\"query-input\":{\"@type\":\"PropertyValueSpecification\",\"valueRequired\":true,\"valueName\":\"search_term_string\"}}],\"inLanguage\":\"it-IT\"},{\"@type\":\"Organization\",\"@id\":\"https:\\\/\\\/sacaim.it\\\/it\\\/#organization\",\"name\":\"Sacaim\",\"url\":\"https:\\\/\\\/sacaim.it\\\/it\\\/\",\"logo\":{\"@type\":\"ImageObject\",\"inLanguage\":\"it-IT\",\"@id\":\"https:\\\/\\\/sacaim.it\\\/it\\\/#\\\/schema\\\/logo\\\/image\\\/\",\"url\":\"https:\\\/\\\/sacaim.it\\\/wp-content\\\/uploads\\\/sites\\\/2\\\/2022\\\/10\\\/logo_cut_sacaim-e1666600526171.png\",\"contentUrl\":\"https:\\\/\\\/sacaim.it\\\/wp-content\\\/uploads\\\/sites\\\/2\\\/2022\\\/10\\\/logo_cut_sacaim-e1666600526171.png\",\"width\":300,\"height\":125,\"caption\":\"Sacaim\"},\"image\":{\"@id\":\"https:\\\/\\\/sacaim.it\\\/it\\\/#\\\/schema\\\/logo\\\/image\\\/\"}}]}<\/script>\n<!-- \/ Yoast SEO plugin. -->","yoast_head_json":{"title":"CORSI DI FORMAZIONE E MASTER - Sacaim","robots":{"index":"index","follow":"follow","max-snippet":"max-snippet:-1","max-image-preview":"max-image-preview:large","max-video-preview":"max-video-preview:-1"},"canonical":"https:\/\/rde.it\/it\/lavora-con-noi\/corsi-di-formazione-e-master\/","og_locale":"it_IT","og_type":"article","og_title":"CORSI DI FORMAZIONE E MASTER - Sacaim","og_description":"Rizzani de Eccher ha sempre considerato la formazione come la massima importanza per lo sviluppo del proprio personale. Il nostro patrimonio sono le persone, le cui capacit\u00e0, abilit\u00e0 e professionalit\u00e0 individuali vengono sviluppate e valorizzate attraverso percorsi formativi e di sviluppo mirati, sia attraverso le \u201cAccademie Interne\u201d e attraverso esperienze d\u2019aula interaziendali. I Master post-laurea, [&hellip;]","og_url":"https:\/\/sacaim.it\/it\/corsi-di-formazione-e-master\/","og_site_name":"Sacaim","og_image":[{"width":1843,"height":1229,"url":"https:\/\/sacaim.it\/wp-content\/uploads\/sites\/2\/2023\/01\/training-master-programs.jpg","type":"image\/jpeg"}],"twitter_card":"summary_large_image","twitter_misc":{"Tempo di lettura stimato":"3 minuti"},"schema":{"@context":"https:\/\/schema.org","@graph":[{"@type":"WebPage","@id":"https:\/\/sacaim.it\/it\/corsi-di-formazione-e-master\/","url":"https:\/\/sacaim.it\/it\/corsi-di-formazione-e-master\/","name":"CORSI DI FORMAZIONE E MASTER - Sacaim","isPartOf":{"@id":"https:\/\/sacaim.it\/it\/#website"},"primaryImageOfPage":{"@id":"https:\/\/sacaim.it\/it\/corsi-di-formazione-e-master\/#primaryimage"},"image":{"@id":"https:\/\/sacaim.it\/it\/corsi-di-formazione-e-master\/#primaryimage"},"thumbnailUrl":"https:\/\/sacaim.it\/wp-content\/uploads\/sites\/2\/2023\/01\/training-master-programs.jpg","datePublished":"2023-01-31T11:01:25+00:00","breadcrumb":{"@id":"https:\/\/sacaim.it\/it\/corsi-di-formazione-e-master\/#breadcrumb"},"inLanguage":"it-IT","potentialAction":[{"@type":"ReadAction","target":["https:\/\/sacaim.it\/it\/corsi-di-formazione-e-master\/"]}]},{"@type":"ImageObject","inLanguage":"it-IT","@id":"https:\/\/sacaim.it\/it\/corsi-di-formazione-e-master\/#primaryimage","url":"https:\/\/sacaim.it\/wp-content\/uploads\/sites\/2\/2023\/01\/training-master-programs.jpg","contentUrl":"https:\/\/sacaim.it\/wp-content\/uploads\/sites\/2\/2023\/01\/training-master-programs.jpg","width":1843,"height":1229,"caption":"Training Master Programs"},{"@type":"BreadcrumbList","@id":"https:\/\/sacaim.it\/it\/corsi-di-formazione-e-master\/#breadcrumb","itemListElement":[{"@type":"ListItem","position":1,"name":"Home","item":"https:\/\/sacaim.it\/it\/"},{"@type":"ListItem","position":2,"name":"CORSI DI FORMAZIONE E MASTER"}]},{"@type":"WebSite","@id":"https:\/\/sacaim.it\/it\/#website","url":"https:\/\/sacaim.it\/it\/","name":"Sacaim","description":"","publisher":{"@id":"https:\/\/sacaim.it\/it\/#organization"},"potentialAction":[{"@type":"SearchAction","target":{"@type":"EntryPoint","urlTemplate":"https:\/\/sacaim.it\/it\/?s={search_term_string}"},"query-input":{"@type":"PropertyValueSpecification","valueRequired":true,"valueName":"search_term_string"}}],"inLanguage":"it-IT"},{"@type":"Organization","@id":"https:\/\/sacaim.it\/it\/#organization","name":"Sacaim","url":"https:\/\/sacaim.it\/it\/","logo":{"@type":"ImageObject","inLanguage":"it-IT","@id":"https:\/\/sacaim.it\/it\/#\/schema\/logo\/image\/","url":"https:\/\/sacaim.it\/wp-content\/uploads\/sites\/2\/2022\/10\/logo_cut_sacaim-e1666600526171.png","contentUrl":"https:\/\/sacaim.it\/wp-content\/uploads\/sites\/2\/2022\/10\/logo_cut_sacaim-e1666600526171.png","width":300,"height":125,"caption":"Sacaim"},"image":{"@id":"https:\/\/sacaim.it\/it\/#\/schema\/logo\/image\/"}}]}},"distributor_meta":false,"distributor_terms":false,"distributor_media":false,"distributor_original_site_name":"Sacaim","distributor_original_site_url":"https:\/\/sacaim.it\/it\/","push-errors":false,"_links":{"self":[{"href":"https:\/\/sacaim.it\/it\/wp-json\/wp\/v2\/pages\/4204","targetHints":{"allow":["GET"]}}],"collection":[{"href":"https:\/\/sacaim.it\/it\/wp-json\/wp\/v2\/pages"}],"about":[{"href":"https:\/\/sacaim.it\/it\/wp-json\/wp\/v2\/types\/page"}],"author":[{"embeddable":true,"href":"https:\/\/sacaim.it\/it\/wp-json\/wp\/v2\/users\/1"}],"replies":[{"embeddable":true,"href":"https:\/\/sacaim.it\/it\/wp-json\/wp\/v2\/comments?post=4204"}],"version-history":[{"count":1,"href":"https:\/\/sacaim.it\/it\/wp-json\/wp\/v2\/pages\/4204\/revisions"}],"predecessor-version":[{"id":4225,"href":"https:\/\/sacaim.it\/it\/wp-json\/wp\/v2\/pages\/4204\/revisions\/4225"}],"wp:featuredmedia":[{"embeddable":true,"href":"https:\/\/sacaim.it\/it\/wp-json\/wp\/v2\/media\/4205"}],"wp:attachment":[{"href":"https:\/\/sacaim.it\/it\/wp-json\/wp\/v2\/media?parent=4204"}],"curies":[{"name":"wp","href":"https:\/\/api.w.org\/{rel}","templated":true}]}}